{"id":12504,"date":"2012-09-10T09:51:35","date_gmt":"2012-09-10T06:51:35","guid":{"rendered":"http:\/\/www.slacklive.ru\/contact-2"},"modified":"2020-07-13T11:45:14","modified_gmt":"2020-07-13T08:45:14","slug":"contact","status":"publish","type":"page","link":"https:\/\/dev.benexx.de\/de\/contact","title":{"rendered":"Kontakte"},"content":{"rendered":"<h3>Sehr geehrte Damen und Herren!<\/h3>\n<p>Sollten Sie weitere Informationen ben\u00f6tigen oder m\u00f6chten Sie uns Ihre Druckmaschine anbieten, so rufen Sie uns an oder schreiben Sie uns eine E-Mail.<\/p>\n\n<div class=\"wpcf7 no-js\" id=\"wpcf7-f13496-o1\" lang=\"ru-RU\" dir=\"ltr\" data-wpcf7-id=\"13496\">\n<div class=\"screen-reader-response\"><p role=\"status\" aria-live=\"polite\" aria-atomic=\"true\"><\/p> <ul><\/ul><\/div>\n<form action=\"\/de\/wp-json\/wp\/v2\/pages\/12504#wpcf7-f13496-o1\" method=\"post\" class=\"wpcf7-form init\" aria-label=\"\u041a\u043e\u043d\u0442\u0430\u043a\u0442\u043d\u0430\u044f \u0444\u043e\u0440\u043c\u0430\" novalidate=\"novalidate\" data-status=\"init\">\n<fieldset class=\"hidden-fields-container\"><input type=\"hidden\" name=\"_wpcf7\" value=\"13496\" \/><input type=\"hidden\" name=\"_wpcf7_version\" value=\"6.1.5\" \/><input type=\"hidden\" name=\"_wpcf7_locale\" value=\"ru_RU\" \/><input type=\"hidden\" name=\"_wpcf7_unit_tag\" value=\"wpcf7-f13496-o1\" \/><input type=\"hidden\" name=\"_wpcf7_container_post\" value=\"0\" \/><input type=\"hidden\" name=\"_wpcf7_posted_data_hash\" value=\"\" \/><input type=\"hidden\" name=\"_wpcf7_recaptcha_response\" value=\"\" \/>\n<\/fieldset>\n<p><span class=\"wpcf7-form-control-wrap\" data-name=\"your-name\"><input size=\"40\" maxlength=\"400\" class=\"wpcf7-form-control wpcf7-text wpcf7-validates-as-required\" aria-required=\"true\" aria-invalid=\"false\" value=\"Your name *\" type=\"text\" name=\"your-name\" \/><\/span>\n<\/p>\n<p><span class=\"wpcf7-form-control-wrap\" data-name=\"your-email\"><input size=\"40\" maxlength=\"400\" class=\"wpcf7-form-control wpcf7-email wpcf7-validates-as-required wpcf7-text wpcf7-validates-as-email\" aria-required=\"true\" aria-invalid=\"false\" value=\"Your e-mail\" type=\"email\" name=\"your-email\" \/><\/span>\n<\/p>\n<p><span class=\"wpcf7-form-control-wrap\" data-name=\"your-subject\"><input size=\"40\" maxlength=\"400\" class=\"wpcf7-form-control wpcf7-text\" aria-invalid=\"false\" value=\"Subject\" type=\"text\" name=\"your-subject\" \/><\/span>\n<\/p>\n<p><span class=\"wpcf7-form-control-wrap\" data-name=\"your-message\"><textarea cols=\"40\" rows=\"10\" maxlength=\"2000\" class=\"wpcf7-form-control wpcf7-textarea\" aria-invalid=\"false\" name=\"your-message\">Message<\/textarea><\/span>\n<\/p>\n\n<div style=\"float: left;\">\n\t<p><span class=\"wpcf7-form-control-wrap mailpoetsignup-501\"><input type=\"checkbox\" class=\"wpcf7-form-control wpcf7-mailpoetsignup\" value=\"0\" checked=\"checked\" name=\"mailpoetsignup-501\" \/>&nbsp;<\/span><label for=\"mailpoetsignup-501\">Sign up for news letters!<\/label>&nbsp;\n\t<\/p>\n<\/div>\n<div>\n\t<p><input class=\"wpcf7-form-control wpcf7-submit has-spinner\" type=\"submit\" value=\"Submit\" \/>\n\t<\/p>\n<\/div><div class=\"wpcf7-response-output\" aria-hidden=\"true\"><\/div>\n<\/form>\n<\/div>\n\n<h3>B\u00fcro:<\/p>\n<p><strong>Mobil:<\/strong> +49 (0) 173 17 14 111<br \/>\n<strong>Mobil:<\/strong> +49 (0) 173 17 16 111<br \/>\n<strong>E-Mail:<\/strong> info@benexx.de; sale@benexx.de<\/h3>\n<p><strong>Skype:<\/strong> vitalprint1<\/p>\n","protected":false},"excerpt":{"rendered":"<p>Sehr geehrte Damen und Herren! Sollten Sie weitere Informationen ben\u00f6tigen oder m\u00f6chten Sie uns Ihre Druckmaschine anbieten, so rufen Sie uns an oder schreiben Sie uns eine E-Mail. B\u00fcro: Mobil: +49 (0) 173 17 14 111 Mobil: +49 (0) 173 17 16 111 E-Mail: info@benexx.de; sale@benexx.de Skype: vitalprint1<\/p>\n","protected":false},"author":1,"featured_media":0,"parent":0,"menu_order":0,"comment_status":"open","ping_status":"closed","template":"","meta":{"footnotes":""},"class_list":["post-12504","page","type-page","status-publish","hentry"],"_links":{"self":[{"href":"https:\/\/dev.benexx.de\/de\/wp-json\/wp\/v2\/pages\/12504","targetHints":{"allow":["GET"]}}],"collection":[{"href":"https:\/\/dev.benexx.de\/de\/wp-json\/wp\/v2\/pages"}],"about":[{"href":"https:\/\/dev.benexx.de\/de\/wp-json\/wp\/v2\/types\/page"}],"author":[{"embeddable":true,"href":"https:\/\/dev.benexx.de\/de\/wp-json\/wp\/v2\/users\/1"}],"replies":[{"embeddable":true,"href":"https:\/\/dev.benexx.de\/de\/wp-json\/wp\/v2\/comments?post=12504"}],"version-history":[{"count":0,"href":"https:\/\/dev.benexx.de\/de\/wp-json\/wp\/v2\/pages\/12504\/revisions"}],"wp:attachment":[{"href":"https:\/\/dev.benexx.de\/de\/wp-json\/wp\/v2\/media?parent=12504"}],"curies":[{"name":"wp","href":"https:\/\/api.w.org\/{rel}","templated":true}]}}