{"id":12522,"date":"2012-09-10T09:45:39","date_gmt":"2012-09-10T06:45:39","guid":{"rendered":"http:\/\/www.slacklive.ru\/about-2"},"modified":"2015-02-20T11:40:13","modified_gmt":"2015-02-20T08:40:13","slug":"about","status":"publish","type":"page","link":"https:\/\/dev.benexx.de\/de\/contact\/about","title":{"rendered":"\u00dcber UNS"},"content":{"rendered":"<div id=\"content\">\n<div class=\"content_space\">\n<div id=\"post-177\">\n<div class=\"entry\"><span style=\"text-decoration: underline;\"><strong>BENEXX Export &#8211; Consulting &#8211; Express<\/strong><\/span><br \/>\nist Ihr zuverl\u00e4ssiger Partner und Lieferant von gebrauchten Maschinen und Anlagen aus der Druck- und Verpackungsbranche<span style=\"text-decoration: underline;\"><strong>Wir freuen uns auf die Zusammenarbeit mit Ihnen!<\/strong><br \/>\n<\/span><br \/>\n\u2022\u2022 Schreiben Sie uns, wenn Sie sich f\u00fcr unsere Produkte interessieren oder<br \/>\n<span style=\"color: #99ccff;\"><strong><span style=\"color: #3366ff;\"><span style=\"color: #ff6600;\">\u2022\u2022 bieten Sie uns Ihre gebrauchten Anlagen und Maschinen an.<\/span> <\/span><\/strong><\/span><span style=\"color: #ff6600;\"><strong><span style=\"text-decoration: underline;\">Wir machen Ihnen ein FAIRES ANGEBOT!<\/span><\/strong><\/span><\/div>\n<div class=\"entry\">\n<p><strong><strong><span style=\"text-decoration: underline;\">Unser Bedarf bwz. Lieferangebot umfasst das komplette Spektrum der Druckbranche:<\/span><\/strong><\/strong><\/p>\n<p>\u2022\u2022 Druckvorstufe (PrePress)<br \/>\n\u2022\u2022 Offsetdruck (Press)<br \/>\n\u2022\u2022 Nachbearbeitung (Postpress)<\/p>\n<p><span style=\"text-decoration: underline;\"><strong>Verpackung:<br \/>\n<\/strong><\/span><br \/>\n\u2022\u2022 Teeverpackungsmaschinen und Zubeh\u00f6r<\/p>\n<p><span style=\"text-decoration: underline;\"><strong>Unsere Strategie:<br \/>\n<\/strong><\/span><br \/>\n\u2022\u2022 Innovation und umfassender Service\u2022\u2022 ein individuelles Konzept f\u00fcr jeden Kunden<br \/>\n\u2022\u2022 Funktion des gesamten Logistik-Systems<br \/>\n\u2022\u2022 optimale L\u00f6sungen zu realistischen Preisen<\/p>\n<p><span style=\"text-decoration: underline;\"><strong>Unsere Mission:<br \/>\n<\/strong><\/span><br \/>\nDie Druckereien im Ausland, darunter in Russland und GUS-Staaten ans\u00e4ssigen Unternehmen,\u00a0 mit hochqualitativer Technik auszustatten, um deren Produktqualit\u00e4t zu steigern und die Kundenbeziehungen zu st\u00e4rken.<\/p>\n<p><span style=\"text-decoration: underline;\"><strong>Unsere Werte:<br \/>\n<\/strong><\/span><br \/>\n\u2022\u2022 Kunden &#8211; sind unsere wichtigsten Werte<\/p>\n<p>\u2022\u2022 Personal &#8211; unsere wichtigste Ressource und Potenzial<\/p>\n<p>\u2022\u2022 Flexibilit\u00e4t und Loyalit\u00e4t im Umgang mit Kunden<\/p>\n<p><span style=\"text-decoration: underline;\"><strong>In der Wirtschaft verfolgen wir die folgenden Grunds\u00e4tze:<br \/>\n<\/strong><\/span><br \/>\n\u2022\u2022 Wir bem\u00fchen uns f\u00fcr die F\u00fchrung durch Exzellenz und Innovation<\/p>\n<p>\u2022\u2022 Wir setzen auf langfristige Beziehungen<\/p>\n<p>\u2022\u2022 Wir sind f\u00fcr Fair Play im Umgang mit Wettbewerbern<\/p>\n<\/div>\n<\/div>\n<\/div>\n<\/div>\n","protected":false},"excerpt":{"rendered":"<p>BENEXX Export &#8211; Consulting &#8211; Express ist Ihr zuverl\u00e4ssiger Partner und Lieferant von gebrauchten Maschinen und Anlagen aus der Druck- und VerpackungsbrancheWir freuen uns auf die Zusammenarbeit mit Ihnen! \u2022\u2022 Schreiben Sie uns, wenn Sie sich f\u00fcr unsere Produkte interessieren oder \u2022\u2022 bieten Sie uns Ihre gebrauchten Anlagen und Maschinen an. Wir machen Ihnen ein [&hellip;]<\/p>\n","protected":false},"author":1,"featured_media":0,"parent":12504,"menu_order":0,"comment_status":"open","ping_status":"closed","template":"","meta":{"footnotes":""},"class_list":["post-12522","page","type-page","status-publish","hentry"],"_links":{"self":[{"href":"https:\/\/dev.benexx.de\/de\/wp-json\/wp\/v2\/pages\/12522","targetHints":{"allow":["GET"]}}],"collection":[{"href":"https:\/\/dev.benexx.de\/de\/wp-json\/wp\/v2\/pages"}],"about":[{"href":"https:\/\/dev.benexx.de\/de\/wp-json\/wp\/v2\/types\/page"}],"author":[{"embeddable":true,"href":"https:\/\/dev.benexx.de\/de\/wp-json\/wp\/v2\/users\/1"}],"replies":[{"embeddable":true,"href":"https:\/\/dev.benexx.de\/de\/wp-json\/wp\/v2\/comments?post=12522"}],"version-history":[{"count":0,"href":"https:\/\/dev.benexx.de\/de\/wp-json\/wp\/v2\/pages\/12522\/revisions"}],"up":[{"embeddable":true,"href":"https:\/\/dev.benexx.de\/de\/wp-json\/wp\/v2\/pages\/12504"}],"wp:attachment":[{"href":"https:\/\/dev.benexx.de\/de\/wp-json\/wp\/v2\/media?parent=12522"}],"curies":[{"name":"wp","href":"https:\/\/api.w.org\/{rel}","templated":true}]}}