{"id":12769,"date":"2015-02-03T17:49:30","date_gmt":"2015-02-03T14:49:30","guid":{"rendered":"http:\/\/www.slacklive.ru\/home-4-2"},"modified":"2017-07-19T21:32:17","modified_gmt":"2017-07-19T18:32:17","slug":"home-4","status":"publish","type":"page","link":"https:\/\/dev.benexx.de\/de","title":{"rendered":"Home"},"content":{"rendered":"[vc_row type=&#8221;full_page_width&#8221; padding_top=&#8221;&#8221; padding_bottom=&#8221;0px&#8221; css=&#8221;.vc_custom_1423138180448{margin-top: 0px !important;margin-bottom: 0px !important;border-top-width: 0px !important;border-bottom-width: 0px !important;padding-top: 0px !important;padding-bottom: 0px !important;background-color: #eaeaea !important;}&#8221;][vc_column][vc_column_text]<div id=\"su_slider_69f0a7eeeb00d\" class=\"su-slider su-slider-centered su-slider-pages-no su-slider-responsive-no\" style=\"width:1200px;height:300px\" data-autoplay=\"7000\" data-speed=\"600\" data-mousewheel=\"true\"><div class=\"su-slider-slides\"><div class=\"su-slider-slide\"><a><img decoding=\"async\" src=\"https:\/\/dev.benexx.de\/wp-content\/uploads\/2015\/02\/slider_bgrnd1-1-1200x300.jpg\" alt=\"Unser Unternehmen bietet komplette L\u00f6sungen f\u00fcr die Druckindustrie, ausgew\u00e4hlt und optimiert f\u00fcr die individuellen W\u00fcnsche und M\u00f6glichkeiten des Kunden. Wir f\u00fchren die Auswahl, Lieferung und installation von Ausr\u00fcstung.\" \/><span class=\"su-slider-slide-title\">Unser Unternehmen bietet komplette L\u00f6sungen f\u00fcr die Druckindustrie, ausgew\u00e4hlt und optimiert f\u00fcr die individuellen W\u00fcnsche und M\u00f6glichkeiten des Kunden. Wir f\u00fchren die Auswahl, Lieferung und installation von Ausr\u00fcstung.<\/span><\/a><\/div><div class=\"su-slider-slide\"><a><img decoding=\"async\" src=\"https:\/\/dev.benexx.de\/wp-content\/uploads\/2015\/02\/slider_bgrnd2-2-1200x300.jpg\" alt=\"&lt;strong style=&quot;text-decoration: underline;&quot;&gt;Unsere Mission&lt;\/strong&gt; Die Druckereien im Ausland, darunter in Russland und GUS-Staaten ans\u00e4ssigen Unternehmen, mit hochqualitativer Technik auszustatten, um deren Produktqualit\u00e4t zu steigern und die Kundenbeziehungen zu st\u00e4rken.\" \/><span class=\"su-slider-slide-title\"><strong style=\"text-decoration: underline;\">Unsere Mission<\/strong> Die Druckereien im Ausland, darunter in Russland und GUS-Staaten ans\u00e4ssigen Unternehmen, mit hochqualitativer Technik auszustatten, um deren Produktqualit\u00e4t zu steigern und die Kundenbeziehungen zu st\u00e4rken.<\/span><\/a><\/div><div class=\"su-slider-slide\"><a><img decoding=\"async\" src=\"https:\/\/dev.benexx.de\/wp-content\/uploads\/2015\/02\/slider_bgrnd3-1-1200x300.jpg\" alt=\"&lt;strong style=&quot;text-decoration: underline;&quot;&gt;Wir freuen uns auf die Zusammenarbeit mit Ihnen!&lt;\/strong&gt; Schreiben Sie uns, wenn Sie sich f\u00fcr unsere Produkte interessieren oder bieten Sie uns Ihre gebrauchten Anlagen und Maschinen an.&lt;br \/&gt;Wir machen Ihnen ein FAIRES ANGEBOT!\" \/><span class=\"su-slider-slide-title\"><strong style=\"text-decoration: underline;\">Wir freuen uns auf die Zusammenarbeit mit Ihnen!<\/strong> Schreiben Sie uns, wenn Sie sich f\u00fcr unsere Produkte interessieren oder bieten Sie uns Ihre gebrauchten Anlagen und Maschinen an.<br \/>Wir machen Ihnen ein FAIRES ANGEBOT!<\/span><\/a><\/div><\/div><div class=\"su-slider-nav\"><div class=\"su-slider-direction\"><span class=\"su-slider-prev\"><\/span><span class=\"su-slider-next\"><\/span><\/div><div class=\"su-slider-pagination\"><\/div><\/div><\/div>[\/vc_column_text][\/vc_column][\/vc_row][vc_row type=&#8221;full_page_width&#8221; padding_top=&#8221;0px&#8221; padding_bottom=&#8221;&#8221; css=&#8221;.vc_custom_1423166669908{margin-top: 0px !important;margin-bottom: 0px !important;border-top-width: 0px !important;border-bottom-width: 0px !important;padding-top: 0px !important;padding-bottom: 0px !important;}&#8221;][vc_column width=&#8221;1\/3&#8243; css=&#8221;.vc_custom_1423140398292{margin: 0px !important;border-width: 0px !important;padding: 0px !important;}&#8221;]  \n    <div class=\"cg-strip cg-strip-wrap fade-in animate\" style=\"background-color:#ffa500!important; height:150px; \">\n      <div class=\"cg-strip-bg \" style=\"\" ><\/div>\n        <div class=\"row\">\n          <div style=\"width:100%\"  class=\"cg-pos  valign-top halign-left \" >\n            <div class=\"cg-strip-content cg-strip-2078761689 dark text-align-left\" >\n<h3 style=\"text-align: center;\"><span style=\"color: #ffffff;\">Unsere Werte<\/span><\/h3>\n<ul>\n<li style=\"text-align: center;\"><span style=\"color: #ffefc7;\">Kunden \u2013 sind unsere wichtigsten Werte<\/span><\/li>\n<li style=\"text-align: center;\"><span style=\"color: #ffefc7;\">Personal \u2013 unsere wichtigste Ressource und Potenzial<\/span><\/li>\n<li style=\"text-align: center;\"><span style=\"color: #ffefc7;\">Flexibilit\u00e4t und Loyalit\u00e4t im Umgang mit Kunden<\/span><\/li>\n<\/ul>\n<\/div>\n          <\/div>\n        <\/div>\n    <\/div>\n  [\/vc_column][vc_column width=&#8221;2\/3&#8243; css=&#8221;.vc_custom_1423166870841{margin-top: 0px !important;margin-right: 0px !important;margin-bottom: 0px !important;margin-left: 0px !important;border-top-width: 0px !important;border-right-width: 0px !important;border-bottom-width: 0px !important;border-left-width: 0px !important;padding-top: 0px !important;padding-right: 0px !important;padding-bottom: 0px !important;padding-left: 0px !important;}&#8221;]  \n    <div class=\"cg-strip cg-strip-wrap fade-in animate\" style=\"background-color:#ff5614!important; height:150px; \">\n      <div class=\"cg-strip-bg \" style=\"\" ><\/div>\n        <div class=\"row\">\n          <div style=\"width:100%\"  class=\"cg-pos  valign-top halign-left \" >\n            <div class=\".cg_custom cg-strip-4844245 dark text-align-left\" >\n<h3 style=\"text-align: center;\"><span style=\"color: #ffffff;\">In der Wirtschaft verfolgen wir die folgenden Grunds\u00e4tze<\/span><\/h3>\n<ul>\n<li style=\"text-align: center;\"><span style=\"color: #ffd58b;\">Wir bem\u00fchen uns f\u00fcr die F\u00fchrung durch Exzellenz und Innovation<\/span><\/li>\n<li style=\"text-align: center;\"><span style=\"color: #ffd58b;\">Wir setzen auf langfristige Beziehungen<\/span><\/li>\n<li style=\"text-align: center;\"><span style=\"color: #ffd58b;\">Wir sind f\u00fcr Fair Play im Umgang mit Wettbewerbern<\/span><\/li>\n<\/ul>\n<\/div>\n          <\/div>\n        <\/div>\n    <\/div>\n  [\/vc_column][\/vc_row][vc_row type=&#8221;container&#8221; padding_top=&#8221;&#8221; padding_bottom=&#8221;&#8221; css=&#8221;.vc_custom_1423223354776{margin-top: 50px !important;}&#8221;][vc_column][vc_raw_html]JTNDZGl2JTIwc3R5bGUlM0QlMjJ0ZXh0LWFsaWduJTNBJTIwY2VudGVyJTNCJTIyJTNFJTNDYSUyMHN0eWxlJTNEJTIyd2lkdGglM0ElMjAxMDAlMjUlM0IlMjIlMjBjbGFzcyUzRCUyMnZjX2J0biUyMHZjX2J0bl9za3klMjB2Y19idG4tc2t5JTIwdmNfYnRuX2xnJTIwdmNfYnRuLWxnJTIwdmNfYnRuX3JvdW5kZWQlMjIlMjBocmVmJTNEJTIyJTJGY2F0YWxvZyUyRiUyMiUyMHRpdGxlJTNEJTIyJTIyJTIwdGFyZ2V0JTNEJTIyJTIyJTNFTWFzY2hpbmVuJTIwJUUyJTgwJTkzJTIwS2F0YWxvZyUyMCUyNmd0JTNCJTNDJTJGYSUzRSUzQyUyRmRpdiUzRQ==<\/p>\n[\/vc_raw_html][\/vc_column][\/vc_row][vc_row type=&#8221;container&#8221; padding_top=&#8221;&#8221; padding_bottom=&#8221;&#8221; css=&#8221;.vc_custom_1423170291920{background-color: #ffffff !important;}&#8221;][vc_column][vc_posts_grid loop=&#8221;size:6|order_by:date|post_type:product&#8221; grid_columns_count=&#8221;6&#8243; grid_layout=&#8221;image|link_post,title|link_post&#8221; grid_thumb_size=&#8221;160&#215;115&#8243;][\/vc_column][\/vc_row][vc_row type=&#8221;container&#8221; padding_top=&#8221;&#8221; padding_bottom=&#8221;&#8221;][vc_column width=&#8221;1\/2&#8243;]  \n    <div class=\"cg-strip cg-strip-wrap fade-in animate\" style=\"background-color:#5aa1e3!important; height:215px; \">\n      <div class=\"cg-strip-bg \" style=\"\" ><\/div>\n        <div class=\"row\">\n          <div style=\"width:70%\"  class=\"cg-pos  valign-center halign-center animate\" data-animate=\"fadeIn\">\n            <div class=\"cg-strip-content cg-strip-25082124 light text-align-center\" >\n<h3><span style=\"color: #ffffff;\">Unser Bedarf bwz.<\/span><\/h3>\n<p>&nbsp;<\/p>\n<h4><span style=\"color: #ffffff;\">Lieferangebot umfasst das komplette Spektrum der Druckbranche:<\/span><\/h4>\n<\/div>\n          <\/div>\n        <\/div>\n    <\/div>\n  [\/vc_column][vc_column width=&#8221;1\/2&#8243;]  \n    <div class=\"cg-strip cg-strip-wrap fade-in animate\" style=\"background-color:#cfe7fc!important; height:50px; \">\n      <div class=\"cg-strip-bg \" style=\"\" ><\/div>\n        <div class=\"row\">\n          <div style=\"width:70%\"  class=\"cg-pos  valign-center halign-center animate\" data-animate=\"fadeIn\">\n            <div class=\"cg-strip-content cg-strip-402862009 dark text-align-center\" >\n<p><span style=\"color: #1d598f;\">Druckvorstufe (PrePress)<\/span><\/p>\n<\/div>\n          <\/div>\n        <\/div>\n    <\/div>\n  [vc_empty_space height=&#8221;5px&#8221;]  \n    <div class=\"cg-strip cg-strip-wrap fade-in animate\" style=\"background-color:#cfe7fc!important; height:50px; \">\n      <div class=\"cg-strip-bg \" style=\"\" ><\/div>\n        <div class=\"row\">\n          <div style=\"width:70%\"  class=\"cg-pos  valign-center halign-center animate\" data-animate=\"fadeIn\">\n            <div class=\"cg-strip-content cg-strip-1063325033 dark text-align-center\" >\n<p><span style=\"color: #1d598f;\">Offsetdruck (Press)<\/span><\/p>\n<\/div>\n          <\/div>\n        <\/div>\n    <\/div>\n  [vc_empty_space height=&#8221;5px&#8221;]  \n    <div class=\"cg-strip cg-strip-wrap fade-in animate\" style=\"background-color:#cfe7fc!important; height:50px; \">\n      <div class=\"cg-strip-bg \" style=\"\" ><\/div>\n        <div class=\"row\">\n          <div style=\"width:70%\"  class=\"cg-pos  valign-center halign-center animate\" data-animate=\"fadeIn\">\n            <div class=\"cg-strip-content cg-strip-1195612241 dark text-align-center\" >\n<p><span style=\"color: #1d598f;\">Nachbearbeitung (Postpress)<\/span><\/p>\n<\/div>\n          <\/div>\n        <\/div>\n    <\/div>\n  [vc_empty_space height=&#8221;5px&#8221;]  \n    <div class=\"cg-strip cg-strip-wrap fade-in animate\" style=\"background-color:#cfe7fc!important; height:50px; \">\n      <div class=\"cg-strip-bg \" style=\"\" ><\/div>\n        <div class=\"row\">\n          <div style=\"width:70%\"  class=\"cg-pos  valign-center halign-center animate\" data-animate=\"fadeIn\">\n            <div class=\"cg-strip-content cg-strip-648475712 dark text-align-center\" >\n<p><span style=\"color: #1d598f;\"><span style=\"text-decoration: underline;\"><strong>Verpackung:<\/strong><\/span> Teeverpackungsmaschinen und Zubeh\u00f6r<\/span><\/p>\n<\/div>\n          <\/div>\n        <\/div>\n    <\/div>\n  [\/vc_column][\/vc_row][vc_row type=&#8221;full_page_width&#8221; padding_top=&#8221;&#8221; padding_bottom=&#8221;&#8221; css=&#8221;.vc_custom_1424959000639{background: #2766ad url(https:\/\/www.benexx.de\/wp-content\/uploads\/2015\/02\/gears2.gif?id=14491) !important;background-position: 0 0 !important;background-repeat: repeat !important;}&#8221;][vc_column]  \n    <div class=\"cg-strip cg-strip-wrap fade-in animate\" style=\"height:90px; \">\n      <div class=\"cg-strip-bg \" style=\"\" ><\/div>\n        <div class=\"row\">\n          <div style=\"width:80\"  class=\"cg-pos  valign-bottom halign-center \" >\n            <div class=\".cg_custom cg-strip-784151172 dark text-align-center\" >\n<h3 style=\"text-align: center;\"><span style=\"color: #ffffff;\">Get latest news about our equipment<\/span><\/h3>\n<\/div>\n          <\/div>\n        <\/div>\n    <\/div>\n    \n    <div class=\"cg-strip cg-strip-wrap fade-in animate\" style=\"height:400px; \">\n      <div class=\"cg-strip-bg \" style=\"\" ><\/div>\n        <div class=\"row\">\n          <div style=\"width:50%\"  class=\"cg-pos  valign-center halign-center \" >\n            <div class=\"cg-strip-content cg-strip-552106916 light text-align-center\" >\n<div style=\"text-align: center;\"><div class=\"widget_wysija_cont shortcode_wysija\"><div id=\"msg-form-wysija-shortcode69f0a7eeeb3c6-1\" class=\"wysija-msg ajax\"><\/div><form id=\"form-wysija-shortcode69f0a7eeeb3c6-1\" method=\"post\" action=\"#wysija\" class=\"widget_wysija shortcode_wysija\">\n<p class=\"wysija-paragraph\">\n    \n    \n    \t<input type=\"text\" name=\"wysija[user][firstname]\" class=\"wysija-input validate[required]\" title=\"Your Name *\" placeholder=\"Your Name *\" value=\"\" \/>\n    \n    \n    \n    <span class=\"abs-req\">\n        <input type=\"text\" name=\"wysija[user][abs][firstname]\" class=\"wysija-input validated[abs][firstname]\" value=\"\" \/>\n    <\/span>\n    \n<\/p>\n<p class=\"wysija-paragraph\">\n    \n    \n    \t<input type=\"text\" name=\"wysija[field][cf_1]\" class=\"wysija-input validate[required]\" title=\"Country *\" placeholder=\"Country *\" value=\"\" \/>\n    \n    \n    \n    <span class=\"abs-req\">\n        <input type=\"text\" name=\"wysija[field][abs][cf_1]\" class=\"wysija-input validated[abs][cf_1]\" value=\"\" \/>\n    <\/span>\n    \n<\/p>\n<p class=\"wysija-paragraph\">\n    \n    \n    \t<input type=\"text\" name=\"wysija[field][cf_2]\" class=\"wysija-input validate[required]\" title=\"City *\" placeholder=\"City *\" value=\"\" \/>\n    \n    \n    \n    <span class=\"abs-req\">\n        <input type=\"text\" name=\"wysija[field][abs][cf_2]\" class=\"wysija-input validated[abs][cf_2]\" value=\"\" \/>\n    <\/span>\n    \n<\/p>\n<p class=\"wysija-paragraph\">\n    \n    \n    \t<input type=\"text\" name=\"wysija[field][cf_4]\" class=\"wysija-input validate[required]\" title=\"Organization *\" placeholder=\"Organization *\" value=\"\" \/>\n    \n    \n    \n    <span class=\"abs-req\">\n        <input type=\"text\" name=\"wysija[field][abs][cf_4]\" class=\"wysija-input validated[abs][cf_4]\" value=\"\" \/>\n    <\/span>\n    \n<\/p>\n<p class=\"wysija-paragraph\">\n    \n    \n    \t<input type=\"text\" name=\"wysija[field][cf_3]\" class=\"wysija-input validate[required,custom[phone]]\" title=\"Phone number *\" placeholder=\"Phone number *\" value=\"\" \/>\n    \n    \n    \n    <span class=\"abs-req\">\n        <input type=\"text\" name=\"wysija[field][abs][cf_3]\" class=\"wysija-input validated[abs][cf_3]\" value=\"\" \/>\n    <\/span>\n    \n<\/p>\n<p class=\"wysija-paragraph\">\n    \n    \n    \t<input type=\"text\" name=\"wysija[user][email]\" class=\"wysija-input validate[required,custom[email]]\" title=\"Email *\" placeholder=\"Email *\" value=\"\" \/>\n    \n    \n    \n    <span class=\"abs-req\">\n        <input type=\"text\" name=\"wysija[user][abs][email]\" class=\"wysija-input validated[abs][email]\" value=\"\" \/>\n    <\/span>\n    \n<\/p>\n\r\n<input class=\"wysija-submit wysija-submit-field\" type=\"submit\" value=\"Subscribe!\" \/>\n\n    <input type=\"hidden\" name=\"form_id\" value=\"1\" \/>\n    <input type=\"hidden\" name=\"action\" value=\"save\" \/>\n    <input type=\"hidden\" name=\"controller\" value=\"subscribers\" \/>\n    <input type=\"hidden\" value=\"1\" name=\"wysija-page\" \/>\n\n    \n        <input type=\"hidden\" name=\"wysija[user_list][list_ids]\" value=\"10,6\" \/>\n    \n <\/form><\/div><\/div>\n<\/div>\n          <\/div>\n        <\/div>\n    <\/div>\n  [\/vc_column][\/vc_row][vc_row type=&#8221;container&#8221; padding_top=&#8221;&#8221; padding_bottom=&#8221;&#8221; css=&#8221;.vc_custom_1423223354776{margin-top: 50px !important;}&#8221;][vc_column][vc_raw_html]\n<p>JTNDZGl2JTIwc3R5bGUlM0QlMjJ0ZXh0LWFsaWduJTNBJTIwY2VudGVyJTNCJTIyJTNFJTNDYSUyMHN0eWxlJTNEJTIyd2lkdGglM0ElMjAxMDAlMjUlM0IlMjIlMjBjbGFzcyUzRCUyMnZjX2J0biUyMHZjX2J0bl9za3klMjB2Y19idG4tc2t5JTIwdmNfYnRuX2xnJTIwdmNfYnRuLWxnJTIwdmNfYnRuX3JvdW5kZWQlMjIlMjBocmVmJTNEJTIyJTJGcG9ydGZvbGlvJTJGJTIyJTIwdGl0bGUlM0QlMjIlMjIlMjB0YXJnZXQlM0QlMjIlMjIlM0VQb3J0Zm9saW8tSW5zdGFsbGF0aW9uZW4lMjAlM0UlM0MlMkZhJTNFJTNDJTJGZGl2JTNF<\/p>\n[\/vc_raw_html][\/vc_column][\/vc_row][vc_row type=&#8221;container&#8221; padding_top=&#8221;&#8221; padding_bottom=&#8221;&#8221; css=&#8221;.vc_custom_1423257637855{padding-right: 15px !important;background-position: center !important;background-repeat: no-repeat !important;background-size: cover !important;}&#8221;][vc_column width=&#8221;1\/2&#8243;][vc_posts_slider type=&#8221;flexslider_slide&#8221; count=&#8221;5&#8243; interval=&#8221;5&#8243; slides_content=&#8221;teaser&#8221; slides_title=&#8221;1&#8243; orderby=&#8221;date&#8221; posttypes=&#8221;post&#8221;][\/vc_column][vc_column width=&#8221;1\/2&#8243; css=&#8221;.vc_custom_1423201749232{border-top-width: 2px !important;border-right-width: 2px !important;border-bottom-width: 2px !important;border-left-width: 2px !important;border-left-color: #d3d3d3 !important;border-left-style: solid !important;border-right-color: #d3d3d3 !important;border-right-style: solid !important;border-top-color: #d3d3d3 !important;border-top-style: solid !important;border-bottom-color: #d3d3d3 !important;border-bottom-style: solid !important;}&#8221;]        \n\t<script type=\"text\/javascript\">\n\n\tjQuery(document).ready(function($) {\n\n\t\t$(\"#owlslider_1970134654\").owlCarousel({\n\t\t\titems : 1,\n\t\t\tlazyLoad : true,\n\t\t\tnavigation : false,\n\t\t\tpagination: true,\n\t\t\tslideSpeed: 500, \n\t\t\tautoPlay: 5000,\n\t\t\tsingleItem: true,\n\t\t}); \n\t});\n\n\t<\/script>\n\n<div class=\"testimonials-wrap\">\n\t<div id=\"owlslider_1970134654\" class=\"owl-carousel\">\n\t\t\t\t\t\n\t\t\t\n\t\t\t<div class=\"item\">\n\t\t\t\t<img decoding=\"async\" alt=\"Solovyov Felix\" src=\"https:\/\/www.benexx.de\/wp-content\/uploads\/2015\/02\/pressstart.png\">\n\t\t\t\t<p>I don't remember not one problem which Vitaly and Zhenya couldn't solve quickly and without consequences for the customer. The speech not only about a set of standard obligations for business. Children simply love the work and respect interests of the customer and at them everything remarkably turns out.<\/p>\n\t\t\t\t<span>Solovyov Felix  ,  Press Start<\/span>\n\t\t\t<\/div>\n\n\t\t\n\t\t\t\n\t\t\t<div class=\"item\">\n\t\t\t\t<img decoding=\"async\" alt=\"Nihal\" src=\"https:\/\/www.benexx.de\/wp-content\/uploads\/2015\/02\/champika_printers-logo.png\">\n\t\t\t\t<p>Thank you for the supplying a well clean Machine and the excellent service provided.\r\nWe will  get fit the Machine these Tow days and hope to start working on Monday.\r\nThanks again and best regards.<\/p>\n\t\t\t\t<span>Nihal  ,  CHAMPIKA PRINTERS<\/span>\n\t\t\t<\/div>\n\n\t\t\n\t\t\t\n\t\t\t<div class=\"item\">\n\t\t\t\t<img decoding=\"async\" alt=\"\u042f\u0441\u043d\u043e\u0432 \u041e\u043b\u0435\u0433\" src=\"https:\/\/www.benexx.de\/wp-content\/uploads\/2015\/02\/fabika.png\">\n\t\t\t\t<p>High efficiency solutions operational issues, as well as the timely fulfillment of all obligations to supply equipment fully meets our requirements, which gives us the right to recommend BENEXX company as a reliable partner.<\/p>\n\t\t\t\t<span>\u042f\u0441\u043d\u043e\u0432 \u041e\u043b\u0435\u0433  ,  \u0424\u0430\u0431\u0440\u0438\u043a\u0430 \u0431\u043b\u043e\u043a\u043d\u043e\u0442\u043e\u0432<\/span>\n\t\t\t<\/div>\n\n\t\t\n\t\t\t\n\t\t\t<div class=\"item\">\n\t\t\t\t<img decoding=\"async\" alt=\"Katerine\" src=\"\">\n\t\t\t\t<p>The equipment was delivered on time and in good condition. It seemed we were the number one customers. Felt that the company values \u200b\u200beach of its client. Many thanks to all the staff of the company \u00abBenexx\u00bb!<\/p>\n\t\t\t\t<span>Katerine  ,  \"Hikari\" Kazakhstan , Almaty<\/span>\n\t\t\t<\/div>\n\n\t\t\t\t\n\t\t\n\t<\/div>\n<\/div>\n\n[\/vc_column][\/vc_row][vc_row type=&#8221;full_page_width&#8221; padding_top=&#8221;&#8221; padding_bottom=&#8221;&#8221;][vc_column]        \n\t<script type=\"text\/javascript\">\n\n\tjQuery(document).ready(function($) {\n\n\t\t$(\"#owlslider_755538117\").owlCarousel({\n\t\t\tautoPlay: 4000, \n\t\t\titems : 5,\n\t\t\tpagination : false,\n\t\t\tstopOnHover : true,\n\t\t\titemsDesktop : [1199,4],\n\t\t\titemsDesktopSmall : [979,3]\n\t\t}); \n\t});\n\n\t<\/script>\n\n<div class=\"cg-logos\">\n\t<div class=\"row\">\n\t\t<div id=\"owlslider_755538117\" class=\"owl-carousel\">\n\t\t\t\t\t\t\t\n\t\t\t\t\n\t\t\t\t<div class=\"item\">\n\t\t\t\t\t<a href=\"\/tagbase\/heidelberg\/\">\n\t\t\t\t\t\t<img decoding=\"async\" alt=\"logo\" src=\"https:\/\/www.benexx.de\/wp-content\/uploads\/2015\/02\/heidel.png\">\n\t\t\t\t\t<\/a>\n\t\t\t\t<\/div>\n\n\t\t\t\n\t\t\t\t\n\t\t\t\t<div class=\"item\">\n\t\t\t\t\t<a href=\"\/tagbase\/kolbus\/\">\n\t\t\t\t\t\t<img decoding=\"async\" alt=\"logo\" src=\"https:\/\/www.benexx.de\/wp-content\/uploads\/2015\/02\/kolbus.png\">\n\t\t\t\t\t<\/a>\n\t\t\t\t<\/div>\n\n\t\t\t\n\t\t\t\t\n\t\t\t\t<div class=\"item\">\n\t\t\t\t\t<a href=\"\/tagbase\/man-roland\/\">\n\t\t\t\t\t\t<img decoding=\"async\" alt=\"logo\" src=\"https:\/\/www.benexx.de\/wp-content\/uploads\/2015\/02\/man.png\">\n\t\t\t\t\t<\/a>\n\t\t\t\t<\/div>\n\n\t\t\t\n\t\t\t\t\n\t\t\t\t<div class=\"item\">\n\t\t\t\t\t<a href=\"\/tagbase\/agfa\/\">\n\t\t\t\t\t\t<img decoding=\"async\" alt=\"logo\" src=\"https:\/\/www.benexx.de\/wp-content\/uploads\/2015\/02\/agfa.png\">\n\t\t\t\t\t<\/a>\n\t\t\t\t<\/div>\n\n\t\t\t\n\t\t\t\t\n\t\t\t\t<div class=\"item\">\n\t\t\t\t\t<a href=\"\/tagbase\/ryobi\/\">\n\t\t\t\t\t\t<img decoding=\"async\" alt=\"logo\" src=\"https:\/\/www.benexx.de\/wp-content\/uploads\/2015\/02\/ryobi.png\">\n\t\t\t\t\t<\/a>\n\t\t\t\t<\/div>\n\n\t\t\t\t\t\t\n\t\t\t\n\t\t<\/div>\n\t<\/div>\n<\/div>\n\n[\/vc_column][\/vc_row]\n","protected":false},"excerpt":{"rendered":"<p>[vc_row type=&#8221;full_page_width&#8221; padding_top=&#8221;&#8221; padding_bottom=&#8221;0px&#8221; css=&#8221;.vc_custom_1423138180448{margin-top: 0px !important;margin-bottom: 0px !important;border-top-width: 0px !important;border-bottom-width: 0px !important;padding-top: 0px !important;padding-bottom: 0px !important;background-color: #eaeaea !important;}&#8221;][vc_column][vc_column_text][\/vc_column_text][\/vc_column][\/vc_row][vc_row type=&#8221;full_page_width&#8221; padding_top=&#8221;0px&#8221; padding_bottom=&#8221;&#8221; css=&#8221;.vc_custom_1423166669908{margin-top: 0px !important;margin-bottom: 0px !important;border-top-width: 0px !important;border-bottom-width: 0px !important;padding-top: 0px !important;padding-bottom: 0px !important;}&#8221;][vc_column width=&#8221;1\/3&#8243; css=&#8221;.vc_custom_1423140398292{margin: 0px !important;border-width: 0px !important;padding: 0px !important;}&#8221;][\/vc_column][vc_column width=&#8221;2\/3&#8243; css=&#8221;.vc_custom_1423166870841{margin-top: 0px !important;margin-right: 0px !important;margin-bottom: 0px !important;margin-left: 0px !important;border-top-width: 0px !important;border-right-width: [&hellip;]<\/p>\n","protected":false},"author":1,"featured_media":0,"parent":0,"menu_order":0,"comment_status":"open","ping_status":"open","template":"template-home-default.php","meta":{"footnotes":""},"class_list":["post-12769","page","type-page","status-publish","hentry"],"_links":{"self":[{"href":"https:\/\/dev.benexx.de\/de\/wp-json\/wp\/v2\/pages\/12769","targetHints":{"allow":["GET"]}}],"collection":[{"href":"https:\/\/dev.benexx.de\/de\/wp-json\/wp\/v2\/pages"}],"about":[{"href":"https:\/\/dev.benexx.de\/de\/wp-json\/wp\/v2\/types\/page"}],"author":[{"embeddable":true,"href":"https:\/\/dev.benexx.de\/de\/wp-json\/wp\/v2\/users\/1"}],"replies":[{"embeddable":true,"href":"https:\/\/dev.benexx.de\/de\/wp-json\/wp\/v2\/comments?post=12769"}],"version-history":[{"count":0,"href":"https:\/\/dev.benexx.de\/de\/wp-json\/wp\/v2\/pages\/12769\/revisions"}],"wp:attachment":[{"href":"https:\/\/dev.benexx.de\/de\/wp-json\/wp\/v2\/media?parent=12769"}],"curies":[{"name":"wp","href":"https:\/\/api.w.org\/{rel}","templated":true}]}}