{"id":20142,"date":"2025-07-01T12:00:30","date_gmt":"2025-07-01T09:00:30","guid":{"rendered":"https:\/\/www.benexx.de\/?post_type=product&#038;p=20142"},"modified":"2025-07-10T16:27:18","modified_gmt":"2025-07-10T13:27:18","slug":"azurac125","status":"publish","type":"product","link":"https:\/\/dev.benexx.de\/de\/shop\/azurac125","title":{"rendered":"Agfa Azura C 125"},"content":{"rendered":"<p><b>Auswascheinheit Agfa Azura C 125<br \/>\n<\/b>Baujahr 2015,\u00a0<!--more--><span id=\"more-2072\"><\/span><\/p>\n<p>&#8211; Plattenbreite Min. \u2013 Max. : \u00a0200-1\u00a0250\u00a0mm (7,9-49,0\u201d)<br \/>\n&#8211; Plattenl\u00e4nge min. : 310\u00a0mm (11,8\u201d)<br \/>\n&#8211; Plattendicke Min. \u2013 Max.: 0,15-0,30\u00a0mm (0,006-0,012\u201d)<br \/>\n&#8211; Plattenbelichter (Agfa): Avalon N8, Avalon N16<br \/>\n&#8211; Plattengeschwindigkeit: 60\u00a0cm\/min (23,6\u201d\/min, fest)<br \/>\n&#8211; Plattendurchsatz:\u00a037 Platten\/ Stunde (Querformat 745 x 605 mm) or\u00a026 Platten\/ Stunde (Hochformat 1030 x 790 mm)<br \/>\n&#8211; Plate volume: Bis zu 10\u00a0000\u00a0m\u00b2\/Jahr<br \/>\n&#8211; Brush speed: 150\u00a0rpm (fest)<br \/>\n&#8211; Trocknertemperatur: 55\u00a0\u00b0C (131\u00a0\u00b0F, nicht einstellbar)<br \/>\n&#8211; Ger\u00e4uschemission \u2013 Max.: &lt;\u00a070\u00a0dB<br \/>\n&#8211; Abmessungen (Breite, L\u00e4nge, H\u00f6he): 1\u00a0820 x 2\u00a0050 x 1\u00a0050-1\u00a0200\u00a0mm<br \/>\n&#8211; Gewicht unverpackt: 210\u00a0kg (463\u00a0lb)<br \/>\n&#8211; Einphasig 1\u00a0W + N + PE 230\u00a0V \/ 6\u00a0A, 50\/60\u00a0Hz<br \/>\n&#8211; Stromverbrauch: 1\u00a0350\u00a0Wattstunden<\/p>\n<p>very good condition. Cleaned!<br \/>\nAvailability: immediately<\/p>\n<p><i><strong>PRICE \/ \u0426\u0415\u041d\u0410 &gt;&gt;&gt; <\/strong><a href=\"https:\/\/m.me\/BENEXX.de\"><strong><img loading=\"lazy\" decoding=\"async\" class=\"alignnone wp-image-20192 \" src=\"https:\/\/www.benexx.de\/wp-content\/uploads\/2018\/04\/Screenshot-2018-10-25-14.48.48.png\" alt=\"\" width=\"36\" height=\"38\" srcset=\"https:\/\/dev.benexx.de\/wp-content\/uploads\/2018\/04\/Screenshot-2018-10-25-14.48.48.png 381w, https:\/\/dev.benexx.de\/wp-content\/uploads\/2018\/04\/Screenshot-2018-10-25-14.48.48-143x150.png 143w\" sizes=\"auto, (max-width: 36px) 100vw, 36px\" \/><\/strong><\/a><strong><a href=\"https:\/\/t.me\/benexx\"><img loading=\"lazy\" decoding=\"async\" class=\"alignnone wp-image-20186\" src=\"https:\/\/www.benexx.de\/wp-content\/uploads\/2018\/04\/telegram.png\" alt=\"\" width=\"40\" height=\"40\" srcset=\"https:\/\/dev.benexx.de\/wp-content\/uploads\/2018\/04\/telegram.png 128w, https:\/\/dev.benexx.de\/wp-content\/uploads\/2018\/04\/telegram-100x100.png 100w\" sizes=\"auto, (max-width: 40px) 100vw, 40px\" \/><\/a><a href=\"https:\/\/vk.com\/benexx\"> <img loading=\"lazy\" decoding=\"async\" class=\"alignnone wp-image-20183\" src=\"https:\/\/www.benexx.de\/wp-content\/uploads\/2018\/04\/480px-VK.com-logo.svg_.png\" alt=\"\" width=\"39\" height=\"39\" srcset=\"https:\/\/dev.benexx.de\/wp-content\/uploads\/2018\/04\/480px-VK.com-logo.svg_.png 480w, https:\/\/dev.benexx.de\/wp-content\/uploads\/2018\/04\/480px-VK.com-logo.svg_-100x100.png 100w, https:\/\/dev.benexx.de\/wp-content\/uploads\/2018\/04\/480px-VK.com-logo.svg_-150x150.png 150w\" sizes=\"auto, (max-width: 39px) 100vw, 39px\" \/><\/a> \u00a0<\/strong><\/i><\/p>\n<p>Die bekannten Auswascheinheiten Azura C95 und C125 von Agfa wurden speziell f\u00fcr Azura TS-Platten mit einer Breite von bis zu 95 bzw. 125 cm entwickelt. Sie k\u00f6nnen entweder frei stehend installiert oder \u00fcber ein gerades oder L-f\u00f6rmiges F\u00f6rderband online mit dem Plattenbelichter verbunden werden. Ein Betrieb bei Tageslicht und Raumtemperatur ist einwandfrei m\u00f6glich.<\/p>\n<p>Mit diesen Auswascheinheiten k\u00f6nnen Sie bis zu 15.000 m\u00b2 Plattenfl\u00e4che pro Jahr bearbeiten und ben\u00f6tigen nur 20 l Wasser pro 300 m<sup>2<\/sup>\u00a0Plattenfl\u00e4che. Als Hauptbestandteil der Gummierungsl\u00f6sung zirkuliert das Wasser in einem geschlossenen Kreislauf, wodurch Wasserkosten eingespart werden.<\/p>\n<ul>\n<li>Werkzeugfreie Wartung<\/li>\n<li>Frei stehendes Ger\u00e4t oder Online-Verbindung mit dem Plattenbelichter<\/li>\n<li>Chemiefreie L\u00f6sung<\/li>\n<li>Rasches Nachf\u00fcllen und einfache Reinigung<\/li>\n<li>Intelligente Schnittstelle<\/li>\n<\/ul>\n","protected":false},"excerpt":{"rendered":"<p>Auswascheinheit Agfa Azura C 125 Baujahr 2015,\u00a0<\/p>\n","protected":false},"featured_media":29307,"comment_status":"closed","ping_status":"closed","template":"","meta":[],"product_brand":[],"product_cat":[140],"product_tag":[],"class_list":{"0":"post-20142","1":"product","2":"type-product","3":"status-publish","4":"has-post-thumbnail","6":"product_cat-prepress-de","8":"first","9":"instock","10":"shipping-taxable","11":"product-type-simple"},"_links":{"self":[{"href":"https:\/\/dev.benexx.de\/de\/wp-json\/wp\/v2\/product\/20142","targetHints":{"allow":["GET"]}}],"collection":[{"href":"https:\/\/dev.benexx.de\/de\/wp-json\/wp\/v2\/product"}],"about":[{"href":"https:\/\/dev.benexx.de\/de\/wp-json\/wp\/v2\/types\/product"}],"replies":[{"embeddable":true,"href":"https:\/\/dev.benexx.de\/de\/wp-json\/wp\/v2\/comments?post=20142"}],"wp:featuredmedia":[{"embeddable":true,"href":"https:\/\/dev.benexx.de\/de\/wp-json\/wp\/v2\/media\/29307"}],"wp:attachment":[{"href":"https:\/\/dev.benexx.de\/de\/wp-json\/wp\/v2\/media?parent=20142"}],"wp:term":[{"taxonomy":"product_brand","embeddable":true,"href":"https:\/\/dev.benexx.de\/de\/wp-json\/wp\/v2\/product_brand?post=20142"},{"taxonomy":"product_cat","embeddable":true,"href":"https:\/\/dev.benexx.de\/de\/wp-json\/wp\/v2\/product_cat?post=20142"},{"taxonomy":"product_tag","embeddable":true,"href":"https:\/\/dev.benexx.de\/de\/wp-json\/wp\/v2\/product_tag?post=20142"}],"curies":[{"name":"wp","href":"https:\/\/api.w.org\/{rel}","templated":true}]}}