{"id":22898,"date":"2020-06-08T12:23:24","date_gmt":"2020-06-08T09:23:24","guid":{"rendered":"https:\/\/www.benexx.de\/?post_type=product&#038;p=22898"},"modified":"2020-06-08T12:48:39","modified_gmt":"2020-06-08T09:48:39","slug":"seydelmann-grindercb160","status":"publish","type":"product","link":"https:\/\/dev.benexx.de\/de\/shop\/seydelmann-grindercb160","title":{"rendered":"SEYDELMANN Mixing Grinder CB 160"},"content":{"rendered":"<p><strong>SEYDELMANN Mixing Grinder CB 160<br \/>\n<\/strong>gebraucht, funktionsf\u00e4hig<!--more--><span id=\"more-22857\"><\/span><\/p>\n<p>Aussenfront aus Edelstahl<br \/>\n160 mm Geh\u00e4use und Schnecke aus Edelstahl<br \/>\n2 Geschwindigkeiten<br \/>\n1 Geschwindigkeite f\u00fcr rostfreien Mischpaddel,<br \/>\nseparat schaltbar<br \/>\nca.300 L Trichter zum Mischen von ca. 150 kg<br \/>\n18\/29\u00a0 kW Leistung<br \/>\nBeladevorrichtung f\u00fcr BW 200 L in die Maschine eingebaut<br \/>\nSicherheitsauftritt und Erh\u00f6hungsf\u00fcsse<br \/>\nUnterfahrh\u00f6he f\u00fcr 200 Liter F\u00f6rderwagen<br \/>\nSchaltschrank eingebaut<br \/>\nKompletter Schneidsatz<\/p>\n<p>Condition: good, funktionsf\u00e4hig<\/p>\n<p>Availability: immediately<\/p>\n","protected":false},"excerpt":{"rendered":"<p>SEYDELMANN Mixing Grinder CB 160 gebraucht, funktionsf\u00e4hig<\/p>\n","protected":false},"featured_media":22902,"comment_status":"closed","ping_status":"closed","template":"","meta":[],"product_brand":[],"product_cat":[369],"product_tag":[],"class_list":{"0":"post-22898","1":"product","2":"type-product","3":"status-publish","4":"has-post-thumbnail","6":"product_cat-food-making-machines-de","8":"first","9":"instock","10":"shipping-taxable","11":"product-type-simple"},"_links":{"self":[{"href":"https:\/\/dev.benexx.de\/de\/wp-json\/wp\/v2\/product\/22898","targetHints":{"allow":["GET"]}}],"collection":[{"href":"https:\/\/dev.benexx.de\/de\/wp-json\/wp\/v2\/product"}],"about":[{"href":"https:\/\/dev.benexx.de\/de\/wp-json\/wp\/v2\/types\/product"}],"replies":[{"embeddable":true,"href":"https:\/\/dev.benexx.de\/de\/wp-json\/wp\/v2\/comments?post=22898"}],"wp:featuredmedia":[{"embeddable":true,"href":"https:\/\/dev.benexx.de\/de\/wp-json\/wp\/v2\/media\/22902"}],"wp:attachment":[{"href":"https:\/\/dev.benexx.de\/de\/wp-json\/wp\/v2\/media?parent=22898"}],"wp:term":[{"taxonomy":"product_brand","embeddable":true,"href":"https:\/\/dev.benexx.de\/de\/wp-json\/wp\/v2\/product_brand?post=22898"},{"taxonomy":"product_cat","embeddable":true,"href":"https:\/\/dev.benexx.de\/de\/wp-json\/wp\/v2\/product_cat?post=22898"},{"taxonomy":"product_tag","embeddable":true,"href":"https:\/\/dev.benexx.de\/de\/wp-json\/wp\/v2\/product_tag?post=22898"}],"curies":[{"name":"wp","href":"https:\/\/api.w.org\/{rel}","templated":true}]}}