{"id":25758,"date":"2022-07-18T16:55:43","date_gmt":"2022-07-18T13:55:43","guid":{"rendered":"https:\/\/www.benexx.de\/?post_type=product&#038;p=25758"},"modified":"2023-08-16T12:34:37","modified_gmt":"2023-08-16T09:34:37","slug":"epanie-cb-130-pyramiden-teebeutelmaschine-alpha-pack-90x90-heisssiegel-umschlagmaschine","status":"publish","type":"product","link":"https:\/\/dev.benexx.de\/de\/shop\/epanie-cb-130-pyramiden-teebeutelmaschine-alpha-pack-90x90-heisssiegel-umschlagmaschine","title":{"rendered":"Epanie CB-130 Pyramiden-Teebeutelmaschine"},"content":{"rendered":"<h3>Epanie CB-130 Pyramiden-Teebeutelmaschine<\/h3>\n<p><a href=\"https:\/\/wa.me\/491731716111\">Whatsapp<\/a> \/ <a href=\"https:\/\/t.me\/benexx\">Telegram<\/a> \/ <a href=\"https:\/\/www.instagram.com\/benexx_teapack\/\">Instagram<\/a> \/ <a href=\"https:\/\/www.facebook.com\/benexx.packagingmachinery\">Facebook<\/a> \/ <a href=\"https:\/\/m.me\/teapack.benexx\">fb-messenger<\/a><\/p>\n<p>Dreieckige Pyramiden und rechteckige Teebeutelverpackungsmaschine ohne hitzeversiegelte Au\u00dfenh\u00fclle Pyramide Epanie<br \/>\nDie Pyramiden-Teebeutelmaschine Modell CB-130 ist eine<br \/>\nHochleistungs-Teebeutelverpackungsmaschine, die in der Lage ist<br \/>\ndreieckigen und rechteckigen Teebeuteln ohne<br \/>\nohne hitzeversiegelte \u00e4u\u00dfere Umh\u00fcllung. Dieses Modell ist ausgestattet mit<br \/>\nFunktionen ausgestattet, darunter ein spezielles patentiertes<br \/>\nWiege- und Sortiersystem<br \/>\n&#8211; Sensor zur Erkennung der Maschenverbindung<br \/>\n&#8211; System zum Formen von Beuteln<br \/>\n&#8211; Ultraschall-Schneide- und Siegelsystem<br \/>\n&#8211; Auslaufband mit Sensor<br \/>\n&#8211; Pr\u00e4zisionsmesssystem und patentiertes automatisches Sortiersystem<br \/>\n&#8211; Gro\u00dfer Touchscreen plc<br \/>\n&#8211; Loadcell Messbildschirm<br \/>\n&#8211; &#8211;<br \/>\n&#8211; Zustand: ausgezeichneter Betriebszustand<br \/>\n&#8211; Standort: Unser Lager in Koblenz, Deutschland<br \/>\n&#8211; bereit zum Versand<\/p>\n<p>Name: Pyramiden-Teebeutelmaschine (dreieckig und rechteckig)<br \/>\nModell: CB-130<br \/>\nHerstellungsjahr: 2014<br \/>\n&#8211; Verpackungsartikel: Tee, Kaffee, andere frei flie\u00dfende Produkte<br \/>\n&#8211; Bruttogewicht: Ungef\u00e4hr 1~8g (Einstellung nach vorheriger Absprache m\u00f6glich)<br \/>\nA Kapazit\u00e4t : max. 60~80 Beutel\/min (abh\u00e4ngig von den Materialien und dem Filter)<br \/>\nSiegel- und Schneidemethode f\u00fcr Filter: Ultraschallhorn\/Schneidwalzenmethode<br \/>\nFilter: Nylon oder Vliesstoff, oder biologisch abbaubares Material<br \/>\nDimensions:750(W)x1,080(D)\u00d72,035(H)mm<br \/>\n&#8211; Gewicht: 600 kg<br \/>\nLeistung: 1 Phase 220V \/ 2,5kW (3 Phasen m\u00f6glich \/ europ\u00e4ische Ausf\u00fchrung)<br \/>\nDruckluft: Trockenluft 5kg\/cm, 2802\/min<br \/>\nausgezeichneter Zustand<br \/>\nVerf\u00fcgbarkeit: sofort<\/p>\n<p>\u2022 Verpackungsartikel: Tee, Kaffee, andere frei flie\u00dfende Produkte<br \/>\n&#8211; Bruttogewicht: ca. 1~8g (Einstellung nach vorheriger Absprache m\u00f6glich)<br \/>\nA Kapazit\u00e4t: max. 60~80 Beutel\/min (abh\u00e4ngig von Material und Filter)<br \/>\nVersiegelungs- und Schneideverfahren f\u00fcr Filter: Ultraschallhorn\/Schneidwalzenverfahren<br \/>\nFilter: Nylon oder Vliesstoff oder biologisch abbaubares Material<br \/>\n(nach vorheriger Absprache)<\/p>\n<p><a href=\"https:\/\/youtu.be\/ykjFc5-ZkuE\">VIDEO<\/a><\/p>\n<h4><span style=\"color: #999999;\">Gebrauchte Pyramiden-Teebeutelverpackungsmaschine<\/span><\/h4>\n<p>Abmessungen: 750 (B) x 1.080 (T) x 2.035 (H) mm<br \/>\n&#8211; Gewicht: 600 kg<br \/>\nLeistung: 1 Phase 220 V \/ 2,5 kW (3 Phasen m\u00f6glich \/ Europa-Stil)<br \/>\nDruckluft: Trockene Luft 5kg\/cm, 2802\/min<\/p>\n<p>ausgezeichneter Zustand<\/p>\n<p>Verf\u00fcgbarkeit: sofort<br \/>\n<a href=\"https:\/\/wa.me\/491731716111\">Whatsapp<\/a> \/ <a href=\"https:\/\/t.me\/benexx\">Telegram<\/a> \/ <a href=\"https:\/\/www.instagram.com\/benexx_teapack\/\">Instagram<\/a> \/ <a href=\"https:\/\/www.facebook.com\/benexx.packagingmachinery\">Facebook<\/a> \/ <a href=\"https:\/\/m.me\/teapack.benexx\">fb-messenger<\/a><\/p>\n","protected":false},"excerpt":{"rendered":"<p>Hochleistungs-Teebeutelverpackungsmaschine, die in der Lage ist<br \/>\ndreieckigen und rechteckigen Teebeuteln ohne<br \/>\nohne hitzeversiegelte \u00e4u\u00dfere Umh\u00fcllung. Dieses Modell ist ausgestattet mit<br \/>\nFunktionen ausgestattet, darunter ein spezielles patentiertes<br \/>\nWiege- und Sortiersystem<\/p>\n<p><a href=\"https:\/\/youtu.be\/ykjFc5-ZkuE\">VIDEO<\/a><\/p>\n","protected":false},"featured_media":27110,"comment_status":"closed","ping_status":"closed","template":"","meta":[],"product_brand":[],"product_cat":[345,226],"product_tag":[336],"class_list":{"0":"post-25758","1":"product","2":"type-product","3":"status-publish","4":"has-post-thumbnail","6":"product_cat-einzelkammerbeutel","7":"product_cat-verpackung","8":"product_tag-constanta-de","10":"first","11":"instock","12":"shipping-taxable","13":"product-type-simple"},"_links":{"self":[{"href":"https:\/\/dev.benexx.de\/de\/wp-json\/wp\/v2\/product\/25758","targetHints":{"allow":["GET"]}}],"collection":[{"href":"https:\/\/dev.benexx.de\/de\/wp-json\/wp\/v2\/product"}],"about":[{"href":"https:\/\/dev.benexx.de\/de\/wp-json\/wp\/v2\/types\/product"}],"replies":[{"embeddable":true,"href":"https:\/\/dev.benexx.de\/de\/wp-json\/wp\/v2\/comments?post=25758"}],"wp:featuredmedia":[{"embeddable":true,"href":"https:\/\/dev.benexx.de\/de\/wp-json\/wp\/v2\/media\/27110"}],"wp:attachment":[{"href":"https:\/\/dev.benexx.de\/de\/wp-json\/wp\/v2\/media?parent=25758"}],"wp:term":[{"taxonomy":"product_brand","embeddable":true,"href":"https:\/\/dev.benexx.de\/de\/wp-json\/wp\/v2\/product_brand?post=25758"},{"taxonomy":"product_cat","embeddable":true,"href":"https:\/\/dev.benexx.de\/de\/wp-json\/wp\/v2\/product_cat?post=25758"},{"taxonomy":"product_tag","embeddable":true,"href":"https:\/\/dev.benexx.de\/de\/wp-json\/wp\/v2\/product_tag?post=25758"}],"curies":[{"name":"wp","href":"https:\/\/api.w.org\/{rel}","templated":true}]}}