{"id":27553,"date":"2024-04-25T17:32:11","date_gmt":"2024-04-25T14:32:11","guid":{"rendered":"https:\/\/www.benexx.de\/shop\/perfect-binder-fks-prindbind-kb-2000-s"},"modified":"2024-04-25T18:42:38","modified_gmt":"2024-04-25T15:42:38","slug":"perfect-binder-fks-prindbind-kb-2000-s","status":"publish","type":"product","link":"https:\/\/dev.benexx.de\/de\/shop\/perfect-binder-fks-prindbind-kb-2000-s","title":{"rendered":"Perfect binder\u00a0FKS\u00a0Prindbind KB 2000 S"},"content":{"rendered":"<p><strong>Klebebinder FKS Prindbind KB 2000 S, <\/strong>gebrauchter Klebebinder<br \/>\nBJ: 2010<br \/>\n<i><a href=\"https:\/\/m.me\/BENEXX.de\">quick PRICE inquiry\u00a0<\/a><a href=\"https:\/\/m.me\/BENEXX.de\"><img loading=\"lazy\" decoding=\"async\" class=\"alignnone wp-image-20170\" src=\"https:\/\/www.benexx.de\/wp-content\/uploads\/2018\/10\/Screenshot-2018-10-25-10.59.31.png\" sizes=\"auto, (max-width: 155px) 100vw, 155px\" srcset=\"https:\/\/www.benexx.de\/wp-content\/uploads\/2018\/10\/Screenshot-2018-10-25-10.59.31.png 567w, https:\/\/www.benexx.de\/wp-content\/uploads\/2018\/10\/Screenshot-2018-10-25-10.59.31-150x28.png 150w, https:\/\/www.benexx.de\/wp-content\/uploads\/2018\/10\/Screenshot-2018-10-25-10.59.31-500x93.png 500w\" alt=\"\" width=\"155\" height=\"29\" \/><\/a><br \/>\n<\/i><\/p>\n<p style=\"font-weight: 400;\">&#8211; Pneumatisch betriebener Heissleimklebebinder f\u00fcr die Fertigung von Buchbindungen mit Cover,<br \/>\n&#8211; Vor- und R\u00fcckdecken oder Blockbindungen ohne Umschlag<br \/>\n&#8211; Bindest\u00e4rke max.: 60 mm, Bindest\u00e4rke min.: 3 Blatt, 80 g\/qm<br \/>\n&#8211; Bindel\u00e4nge max.: 310 mm, Bindel\u00e4nge min.: 60 mm<br \/>\n&#8211; Buchgr\u00f6\u00dfe min.: 60 x 120 mm, Buchgr\u00f6\u00dfe max.: 310 x 320 mm<br \/>\n&#8211; Umschlaggr\u00f6\u00dfe max.: 360 + 60 + 360 = 780 mm breit, 320 mm hoch<br \/>\n&#8211; Leistung: bis zu 320 B\u00fccher\/Stunde,<br \/>\n&#8211; Aufheitzzeit : ca. 30-40 Minuten<br \/>\n&#8211; Leimtemperatur: 100-190\u00b0C<br \/>\n&#8211; Binder\u00fccken-Bearbeitung: Schlitzwerk, Leimwerk: 3-Walzen-Leimwerk; davon 2 Auftragswalzen<br \/>\n&#8211; Dunst-Absaugsystem<\/p>\n<p style=\"font-weight: 400;\">Standort: Unser Lager in Plaidt bei Koblenz\/Deutschland<\/p>\n<p style=\"font-weight: 400;\">Zustand: sehr gut.<\/p>\n<p><i><strong>PRICE \/ \u0426\u0415\u041d\u0410 &gt;&gt;&gt; <\/strong><a href=\"https:\/\/m.me\/BENEXX.de\"><strong><img loading=\"lazy\" decoding=\"async\" class=\"alignnone wp-image-20191 \" src=\"https:\/\/www.benexx.de\/wp-content\/uploads\/2018\/04\/Screenshot-2018-10-25-14.48.48.png\" sizes=\"auto, (max-width: 36px) 100vw, 36px\" srcset=\"https:\/\/www.benexx.de\/wp-content\/uploads\/2018\/04\/Screenshot-2018-10-25-14.48.48.png 381w, https:\/\/www.benexx.de\/wp-content\/uploads\/2018\/04\/Screenshot-2018-10-25-14.48.48-143x150.png 143w\" alt=\"\" width=\"36\" height=\"38\" \/><\/strong><\/a><strong><a href=\"https:\/\/t.me\/benexx\"><img loading=\"lazy\" decoding=\"async\" class=\"alignnone wp-image-20185\" src=\"https:\/\/www.benexx.de\/wp-content\/uploads\/2018\/04\/telegram.png\" sizes=\"auto, (max-width: 40px) 100vw, 40px\" srcset=\"https:\/\/www.benexx.de\/wp-content\/uploads\/2018\/04\/telegram.png 128w, https:\/\/www.benexx.de\/wp-content\/uploads\/2018\/04\/telegram-100x100.png 100w\" alt=\"\" width=\"40\" height=\"40\" \/> <\/a><a href=\"https:\/\/vk.com\/benexx\"><img loading=\"lazy\" decoding=\"async\" class=\"alignnone wp-image-20182\" src=\"https:\/\/www.benexx.de\/wp-content\/uploads\/2018\/04\/480px-VK.com-logo.svg_.png\" sizes=\"auto, (max-width: 39px) 100vw, 39px\" srcset=\"https:\/\/www.benexx.de\/wp-content\/uploads\/2018\/04\/480px-VK.com-logo.svg_.png 480w, https:\/\/www.benexx.de\/wp-content\/uploads\/2018\/04\/480px-VK.com-logo.svg_-150x150.png 150w, https:\/\/www.benexx.de\/wp-content\/uploads\/2018\/04\/480px-VK.com-logo.svg_-100x100.png 100w\" alt=\"\" width=\"39\" height=\"39\" \/><\/a><\/strong><\/i><\/p>\n<p style=\"font-weight: 400;\">\n","protected":false},"excerpt":{"rendered":"<p>Klebebinder FKS Prindbind KB 2000 S, gebrauchter Klebebinder BJ: 2010 quick PRICE inquiry\u00a0 &#8211; Pneumatisch betriebener Heissleimklebebinder f\u00fcr die Fertigung von Buchbindungen mit Cover, &#8211; Vor- und R\u00fcckdecken oder Blockbindungen ohne Umschlag &#8211; Bindest\u00e4rke max.: 60 mm, Bindest\u00e4rke min.: 3 Blatt, 80 g\/qm &#8211; Bindel\u00e4nge max.: 310 mm, Bindel\u00e4nge min.: 60 mm &#8211; Buchgr\u00f6\u00dfe min.: [&hellip;]<\/p>\n","protected":false},"featured_media":27547,"comment_status":"closed","ping_status":"closed","template":"","meta":[],"product_brand":[],"product_cat":[215],"product_tag":[],"class_list":{"0":"post-27553","1":"product","2":"type-product","3":"status-publish","4":"has-post-thumbnail","6":"product_cat-binding-de-de","8":"first","9":"instock","10":"shipping-taxable","11":"product-type-simple"},"_links":{"self":[{"href":"https:\/\/dev.benexx.de\/de\/wp-json\/wp\/v2\/product\/27553","targetHints":{"allow":["GET"]}}],"collection":[{"href":"https:\/\/dev.benexx.de\/de\/wp-json\/wp\/v2\/product"}],"about":[{"href":"https:\/\/dev.benexx.de\/de\/wp-json\/wp\/v2\/types\/product"}],"replies":[{"embeddable":true,"href":"https:\/\/dev.benexx.de\/de\/wp-json\/wp\/v2\/comments?post=27553"}],"wp:featuredmedia":[{"embeddable":true,"href":"https:\/\/dev.benexx.de\/de\/wp-json\/wp\/v2\/media\/27547"}],"wp:attachment":[{"href":"https:\/\/dev.benexx.de\/de\/wp-json\/wp\/v2\/media?parent=27553"}],"wp:term":[{"taxonomy":"product_brand","embeddable":true,"href":"https:\/\/dev.benexx.de\/de\/wp-json\/wp\/v2\/product_brand?post=27553"},{"taxonomy":"product_cat","embeddable":true,"href":"https:\/\/dev.benexx.de\/de\/wp-json\/wp\/v2\/product_cat?post=27553"},{"taxonomy":"product_tag","embeddable":true,"href":"https:\/\/dev.benexx.de\/de\/wp-json\/wp\/v2\/product_tag?post=27553"}],"curies":[{"name":"wp","href":"https:\/\/api.w.org\/{rel}","templated":true}]}}