{"id":27670,"date":"2024-07-19T12:22:01","date_gmt":"2024-07-19T09:22:01","guid":{"rendered":"https:\/\/www.benexx.de\/shop\/renz-sbp-360"},"modified":"2024-07-19T12:42:15","modified_gmt":"2024-07-19T09:42:15","slug":"renz-sbp-360","status":"publish","type":"product","link":"https:\/\/dev.benexx.de\/de\/shop\/renz-sbp-360","title":{"rendered":"RENZ SBP 360, Spiral-Bindemaschine"},"content":{"rendered":"<p><strong>RENZ SBP 360 comfort plus, <\/strong>Spiral-Bindemaschine<br \/>\nB\/J 2010<br \/>\n<i><a href=\"https:\/\/m.me\/BENEXX.de\">quick PRICE inquiry\u00a0<\/a><a href=\"https:\/\/m.me\/BENEXX.de\"><img loading=\"lazy\" decoding=\"async\" class=\"alignnone wp-image-20170\" src=\"https:\/\/www.benexx.de\/wp-content\/uploads\/2018\/10\/Screenshot-2018-10-25-10.59.31.png\" sizes=\"auto, (max-width: 155px) 100vw, 155px\" srcset=\"https:\/\/www.benexx.de\/wp-content\/uploads\/2018\/10\/Screenshot-2018-10-25-10.59.31.png 567w, https:\/\/www.benexx.de\/wp-content\/uploads\/2018\/10\/Screenshot-2018-10-25-10.59.31-150x28.png 150w, https:\/\/www.benexx.de\/wp-content\/uploads\/2018\/10\/Screenshot-2018-10-25-10.59.31-500x93.png 500w\" alt=\"\" width=\"155\" height=\"29\" \/><\/a><\/i><\/p>\n<div class=\"content--title\">&#8220;Spiral-Bindemaschine RENZ SPB 360 comfort plus&#8221;<\/div>\n<div class=\"product--description\">\n<p>Elektrisches Stanz- und Plastikspiral-Einziehsystem mit integrierter Spiralabschneideund Umbiegevorrichtung, f\u00fcr kleine bis mittlere Auflagen.<\/p>\n<p>NEU! comfortplus steht f\u00fcr eine stark gesteigerte Stanzgeschwindigkeit, im Vergleich zu unserer vorherigen comfort Serie. Dieses Plus an Geschwindigkeit wird durch einen neuen doppelt so starken Motor erzielt.<\/p>\n<p>Die neue SPB comfortplus ersetzt das aktuelle Modell SPB 360 comfort.<\/p>\n<p>\u2022 Bindet bis zu 160 Blatt<br \/>\n\u2022 H\u00f6chste Formatflexibilit\u00e4t durch QSA-Technologie zwischen DIN A4 und A5<br \/>\n\u2022 Verstellbarer Seitenanschlag f\u00fcr ideale Stanzanpassung<br \/>\n\u2022 Speziell geh\u00e4rtete Stanzstempel f\u00fcr nachhaltige Nutzung<br \/>\n\u2022 Versetzte Stanzstempel f\u00fcr ein besseres Stanzergebnis<br \/>\n\u2022 Leicht zu leerende Abfallschublade<br \/>\n\u2022 Elektrisch angetriebene Gummiwalze f\u00fcr schnelles Eindrehen der Spiralen<br \/>\n\u2022 Praktische Spiralabschneide- und Umbiegevorrichtung<br \/>\n\u2022 Integrierte Ma\u00dfskala f\u00fcr Dokument- oder Bindeelementgr\u00f6\u00dfe<br \/>\n\u2022 Robuste Bauweise und kompaktes Design<\/p>\n<div class=\"content--title\">Technische Daten:<\/div>\n<div class=\"product--properties panel has--border\">\n<table class=\"product--properties-table\">\n<tbody>\n<tr class=\"product--properties-row\">\n<td class=\"product--properties-label is--bold\">Teilung:<\/td>\n<td class=\"product--properties-value\">0,2475\u201d<\/td>\n<\/tr>\n<tr class=\"product--properties-row\">\n<td class=\"product--properties-label is--bold\">Stanzleistung:<\/td>\n<td class=\"product--properties-value\">20 Blatt<\/td>\n<\/tr>\n<tr class=\"product--properties-row\">\n<td class=\"product--properties-label is--bold\">max. R\u00fcckenst\u00e4rke:<\/td>\n<td class=\"product--properties-value\">20 mm<\/td>\n<\/tr>\n<tr class=\"product--properties-row\">\n<td class=\"product--properties-label is--bold\">max. Blattanzahl:<\/td>\n<td class=\"product--properties-value\">160<\/td>\n<\/tr>\n<tr class=\"product--properties-row\">\n<td class=\"product--properties-label is--bold\">Papierformat:<\/td>\n<td class=\"product--properties-value\">DIN A4, DIN A5, Sonderformate<\/td>\n<\/tr>\n<tr class=\"product--properties-row\">\n<td class=\"product--properties-label is--bold\">ausschaltbare Stanznadeln:<\/td>\n<td class=\"product--properties-value\">ja<\/td>\n<\/tr>\n<tr class=\"product--properties-row\">\n<td class=\"product--properties-label is--bold\">verstellbare Stanztiefe:<\/td>\n<td class=\"product--properties-value\">nein<\/td>\n<\/tr>\n<tr class=\"product--properties-row\">\n<td class=\"product--properties-label is--bold\">Stanzmethode:<\/td>\n<td class=\"product--properties-value\">elektrisch<\/td>\n<\/tr>\n<tr class=\"product--properties-row\">\n<td class=\"product--properties-label is--bold\">Lochung:<\/td>\n<td class=\"product--properties-value\">oval<\/td>\n<\/tr>\n<tr class=\"product--properties-row\">\n<td class=\"product--properties-label is--bold\">Ma\u00dfe:<\/td>\n<td class=\"product--properties-value\">490 x 250 x 440 mm (BxHxT)<\/td>\n<\/tr>\n<tr class=\"product--properties-row\">\n<td class=\"product--properties-label is--bold\">Gewicht:<\/td>\n<td class=\"product--properties-value\">32 kg<\/td>\n<\/tr>\n<\/tbody>\n<\/table>\n<\/div>\n<\/div>\n<p style=\"font-weight: 400;\">Standort: Unser Lager in Plaidt bei Koblenz\/Deutschland.<\/p>\n<p style=\"font-weight: 400;\">Zustand: sehr gut.<\/p>\n<p><i><strong>PRICE \/ \u0426\u0415\u041d\u0410 &gt;&gt;&gt; <\/strong><a href=\"https:\/\/m.me\/BENEXX.de\"><strong><img loading=\"lazy\" decoding=\"async\" class=\"alignnone wp-image-20191 \" src=\"https:\/\/www.benexx.de\/wp-content\/uploads\/2018\/04\/Screenshot-2018-10-25-14.48.48.png\" sizes=\"auto, (max-width: 36px) 100vw, 36px\" srcset=\"https:\/\/www.benexx.de\/wp-content\/uploads\/2018\/04\/Screenshot-2018-10-25-14.48.48.png 381w, https:\/\/www.benexx.de\/wp-content\/uploads\/2018\/04\/Screenshot-2018-10-25-14.48.48-143x150.png 143w\" alt=\"\" width=\"36\" height=\"38\" \/><\/strong><\/a><strong><a href=\"https:\/\/t.me\/benexx\"><img loading=\"lazy\" decoding=\"async\" class=\"alignnone wp-image-20185\" src=\"https:\/\/www.benexx.de\/wp-content\/uploads\/2018\/04\/telegram.png\" sizes=\"auto, (max-width: 40px) 100vw, 40px\" srcset=\"https:\/\/www.benexx.de\/wp-content\/uploads\/2018\/04\/telegram.png 128w, https:\/\/www.benexx.de\/wp-content\/uploads\/2018\/04\/telegram-100x100.png 100w\" alt=\"\" width=\"40\" height=\"40\" \/> <\/a><a href=\"https:\/\/vk.com\/benexx\"><img loading=\"lazy\" decoding=\"async\" class=\"alignnone wp-image-20182\" src=\"https:\/\/www.benexx.de\/wp-content\/uploads\/2018\/04\/480px-VK.com-logo.svg_.png\" sizes=\"auto, (max-width: 39px) 100vw, 39px\" srcset=\"https:\/\/www.benexx.de\/wp-content\/uploads\/2018\/04\/480px-VK.com-logo.svg_.png 480w, https:\/\/www.benexx.de\/wp-content\/uploads\/2018\/04\/480px-VK.com-logo.svg_-150x150.png 150w, https:\/\/www.benexx.de\/wp-content\/uploads\/2018\/04\/480px-VK.com-logo.svg_-100x100.png 100w\" alt=\"\" width=\"39\" height=\"39\" \/><\/a><\/strong><\/i><\/p>\n<p style=\"font-weight: 400;\">\n","protected":false},"excerpt":{"rendered":"<p>RENZ SBP 360 comfort plus, Spiral-Bindemaschine B\/J 2010 quick PRICE inquiry\u00a0 &#8220;Spiral-Bindemaschine RENZ SPB 360 comfort plus&#8221; Elektrisches Stanz- und Plastikspiral-Einziehsystem mit integrierter Spiralabschneideund Umbiegevorrichtung, f\u00fcr kleine bis mittlere Auflagen. NEU! comfortplus steht f\u00fcr eine stark gesteigerte Stanzgeschwindigkeit, im Vergleich zu unserer vorherigen comfort Serie. Dieses Plus an Geschwindigkeit wird durch einen neuen doppelt so [&hellip;]<\/p>\n","protected":false},"featured_media":27644,"comment_status":"closed","ping_status":"closed","template":"","meta":[],"product_brand":[],"product_cat":[192,202,200],"product_tag":[],"class_list":{"0":"post-27670","1":"product","2":"type-product","3":"status-publish","4":"has-post-thumbnail","6":"product_cat-dps-de","7":"product_cat-other-de","8":"product_cat-postpress-de","10":"first","11":"outofstock","12":"shipping-taxable","13":"product-type-simple"},"_links":{"self":[{"href":"https:\/\/dev.benexx.de\/de\/wp-json\/wp\/v2\/product\/27670","targetHints":{"allow":["GET"]}}],"collection":[{"href":"https:\/\/dev.benexx.de\/de\/wp-json\/wp\/v2\/product"}],"about":[{"href":"https:\/\/dev.benexx.de\/de\/wp-json\/wp\/v2\/types\/product"}],"replies":[{"embeddable":true,"href":"https:\/\/dev.benexx.de\/de\/wp-json\/wp\/v2\/comments?post=27670"}],"wp:featuredmedia":[{"embeddable":true,"href":"https:\/\/dev.benexx.de\/de\/wp-json\/wp\/v2\/media\/27644"}],"wp:attachment":[{"href":"https:\/\/dev.benexx.de\/de\/wp-json\/wp\/v2\/media?parent=27670"}],"wp:term":[{"taxonomy":"product_brand","embeddable":true,"href":"https:\/\/dev.benexx.de\/de\/wp-json\/wp\/v2\/product_brand?post=27670"},{"taxonomy":"product_cat","embeddable":true,"href":"https:\/\/dev.benexx.de\/de\/wp-json\/wp\/v2\/product_cat?post=27670"},{"taxonomy":"product_tag","embeddable":true,"href":"https:\/\/dev.benexx.de\/de\/wp-json\/wp\/v2\/product_tag?post=27670"}],"curies":[{"name":"wp","href":"https:\/\/api.w.org\/{rel}","templated":true}]}}