{"id":27679,"date":"2024-09-19T14:25:17","date_gmt":"2024-09-19T11:25:17","guid":{"rendered":"https:\/\/www.benexx.de\/?post_type=product&#038;p=27679"},"modified":"2024-07-19T14:34:39","modified_gmt":"2024-07-19T11:34:39","slug":"ommvickingroudkornering","status":"publish","type":"product","link":"https:\/\/dev.benexx.de\/de\/shop\/ommvickingroudkornering","title":{"rendered":"OMM VICKING, Eckenrunder"},"content":{"rendered":"<p><strong>OMM VICKING, <\/strong>Eckenrunder<br \/>\nB\/J 2017<\/p>\n<p>Extrem robuster\u00a0<span class=\"sc-ba11fec0-1\">Eckenrunder OMM VikingExtrem robuster Eckenrunder aus Aludruckguss. Stapelh\u00f6he 40 mm. Eckenrunder OMM VIKING Extrem robuster Eckenrunder aus Aludruckguss.<\/span><\/p>\n<div id=\":Rap6qpqikcprqm:\" class=\"sc-ba11fec0-2 hOFVSQ\">Der Arbeitstisch besteht ebenfalls aus Aluminium und gew\u00e4hrt zusammen mit den stabilen Anschl\u00e4gen und dem gefedertem Niederhalter h\u00f6chste Pr\u00e4zision und Langlebigkeit. Folgende Werkzeuge sind lieferbar: \u00a0 Preis ohne Werkzeug. Werkzeuge R 3- 20 mm, CHF 320.00 Gerademesser CHF 349.00 TECHNISCHE DATEN OMM VIKING Stapelh\u00f6he 40 mm Gewicht 21 kg.<\/div>\n<p><i><a href=\"https:\/\/m.me\/BENEXX.de\">quick PRICE inquiry\u00a0<\/a><a href=\"https:\/\/m.me\/BENEXX.de\"><img loading=\"lazy\" decoding=\"async\" class=\"alignnone wp-image-20170\" src=\"https:\/\/www.benexx.de\/wp-content\/uploads\/2018\/10\/Screenshot-2018-10-25-10.59.31.png\" sizes=\"auto, (max-width: 155px) 100vw, 155px\" srcset=\"https:\/\/www.benexx.de\/wp-content\/uploads\/2018\/10\/Screenshot-2018-10-25-10.59.31.png 567w, https:\/\/www.benexx.de\/wp-content\/uploads\/2018\/10\/Screenshot-2018-10-25-10.59.31-150x28.png 150w, https:\/\/www.benexx.de\/wp-content\/uploads\/2018\/10\/Screenshot-2018-10-25-10.59.31-500x93.png 500w\" alt=\"\" width=\"155\" height=\"29\" \/><\/a><\/i><\/p>\n<div class=\"product--description\">\n<div class=\"product--properties panel has--border\">\n<p>The machine is manufactured in a single cast-iron frame. The work table is in alluminium.<br \/>\nThe operation is manual and it\u2019s extremely simple and offers a variety of uses, i.e. rounding off, punching, cutting, etc., on various materials from paper to plastic.<br \/>\nCutting accuracy is ensured by prismatic guides and the spring-loaded clamping devices which holds the material to be worked.<br \/>\nThe machine can be used with all the tools shown on diagram \u201cA\u201d, which are usually available from the stock.<br \/>\nSpecial tools can be supplied on request.<\/p>\n<p>MAXIMUM THICKNESS 40 mm.<br \/>\nPACKING DIMENSIONS 41 x 33 x 30 cm.<br \/>\nNET WEIGHT 21 Kg.<br \/>\nGROSS WEIGHT 23 Kg.<\/p>\n<\/div>\n<\/div>\n<p style=\"font-weight: 400;\">Standort: Unser Lager in Plaidt bei Koblenz\/Deutschland.<\/p>\n<p style=\"font-weight: 400;\">Zustand: sehr gut.<\/p>\n<p><i><strong>PRICE \/ \u0426\u0415\u041d\u0410 &gt;&gt;&gt; <\/strong><a href=\"https:\/\/m.me\/BENEXX.de\"><strong><img loading=\"lazy\" decoding=\"async\" class=\"alignnone wp-image-20191 \" src=\"https:\/\/www.benexx.de\/wp-content\/uploads\/2018\/04\/Screenshot-2018-10-25-14.48.48.png\" sizes=\"auto, (max-width: 36px) 100vw, 36px\" srcset=\"https:\/\/www.benexx.de\/wp-content\/uploads\/2018\/04\/Screenshot-2018-10-25-14.48.48.png 381w, https:\/\/www.benexx.de\/wp-content\/uploads\/2018\/04\/Screenshot-2018-10-25-14.48.48-143x150.png 143w\" alt=\"\" width=\"36\" height=\"38\" \/><\/strong><\/a><strong><a href=\"https:\/\/t.me\/benexx\"><img loading=\"lazy\" decoding=\"async\" class=\"alignnone wp-image-20185\" src=\"https:\/\/www.benexx.de\/wp-content\/uploads\/2018\/04\/telegram.png\" sizes=\"auto, (max-width: 40px) 100vw, 40px\" srcset=\"https:\/\/www.benexx.de\/wp-content\/uploads\/2018\/04\/telegram.png 128w, https:\/\/www.benexx.de\/wp-content\/uploads\/2018\/04\/telegram-100x100.png 100w\" alt=\"\" width=\"40\" height=\"40\" \/> <\/a><a href=\"https:\/\/vk.com\/benexx\"><img loading=\"lazy\" decoding=\"async\" class=\"alignnone wp-image-20182\" src=\"https:\/\/www.benexx.de\/wp-content\/uploads\/2018\/04\/480px-VK.com-logo.svg_.png\" sizes=\"auto, (max-width: 39px) 100vw, 39px\" srcset=\"https:\/\/www.benexx.de\/wp-content\/uploads\/2018\/04\/480px-VK.com-logo.svg_.png 480w, https:\/\/www.benexx.de\/wp-content\/uploads\/2018\/04\/480px-VK.com-logo.svg_-150x150.png 150w, https:\/\/www.benexx.de\/wp-content\/uploads\/2018\/04\/480px-VK.com-logo.svg_-100x100.png 100w\" alt=\"\" width=\"39\" height=\"39\" \/><\/a><\/strong><\/i><\/p>\n<p style=\"font-weight: 400;\">\n","protected":false},"excerpt":{"rendered":"<p>OMM VICKING, Eckenrunder B\/J 2017 Extrem robuster\u00a0Eckenrunder OMM VikingExtrem robuster Eckenrunder aus Aludruckguss. Stapelh\u00f6he 40 mm. Eckenrunder OMM VIKING Extrem robuster Eckenrunder aus Aludruckguss. Der Arbeitstisch besteht ebenfalls aus Aluminium und gew\u00e4hrt zusammen mit den stabilen Anschl\u00e4gen und dem gefedertem Niederhalter h\u00f6chste Pr\u00e4zision und Langlebigkeit. Folgende Werkzeuge sind lieferbar: \u00a0 Preis ohne Werkzeug. Werkzeuge R [&hellip;]<\/p>\n","protected":false},"featured_media":27700,"comment_status":"closed","ping_status":"closed","template":"","meta":[],"product_brand":[],"product_cat":[192,202,200,211,212],"product_tag":[],"class_list":{"0":"post-27679","1":"product","2":"type-product","3":"status-publish","4":"has-post-thumbnail","6":"product_cat-dps-de","7":"product_cat-other-de","8":"product_cat-postpress-de","9":"product_cat-cutting-de","10":"product_cat-die-de","12":"first","13":"instock","14":"shipping-taxable","15":"product-type-simple"},"_links":{"self":[{"href":"https:\/\/dev.benexx.de\/de\/wp-json\/wp\/v2\/product\/27679","targetHints":{"allow":["GET"]}}],"collection":[{"href":"https:\/\/dev.benexx.de\/de\/wp-json\/wp\/v2\/product"}],"about":[{"href":"https:\/\/dev.benexx.de\/de\/wp-json\/wp\/v2\/types\/product"}],"replies":[{"embeddable":true,"href":"https:\/\/dev.benexx.de\/de\/wp-json\/wp\/v2\/comments?post=27679"}],"wp:featuredmedia":[{"embeddable":true,"href":"https:\/\/dev.benexx.de\/de\/wp-json\/wp\/v2\/media\/27700"}],"wp:attachment":[{"href":"https:\/\/dev.benexx.de\/de\/wp-json\/wp\/v2\/media?parent=27679"}],"wp:term":[{"taxonomy":"product_brand","embeddable":true,"href":"https:\/\/dev.benexx.de\/de\/wp-json\/wp\/v2\/product_brand?post=27679"},{"taxonomy":"product_cat","embeddable":true,"href":"https:\/\/dev.benexx.de\/de\/wp-json\/wp\/v2\/product_cat?post=27679"},{"taxonomy":"product_tag","embeddable":true,"href":"https:\/\/dev.benexx.de\/de\/wp-json\/wp\/v2\/product_tag?post=27679"}],"curies":[{"name":"wp","href":"https:\/\/api.w.org\/{rel}","templated":true}]}}