{"id":28761,"date":"2024-10-19T13:09:12","date_gmt":"2024-10-19T10:09:12","guid":{"rendered":"https:\/\/www.benexx.de\/?post_type=product&#038;p=28761"},"modified":"2025-05-21T20:36:05","modified_gmt":"2025-05-21T17:36:05","slug":"constanta-teebeutelverpackungsmaschine-mit-papier-umbeutel-zu-verkaufen-3x","status":"publish","type":"product","link":"https:\/\/dev.benexx.de\/de\/shop\/constanta-teebeutelverpackungsmaschine-mit-papier-umbeutel-zu-verkaufen-3x","title":{"rendered":"CONSTANTA Teebeutelverpackungsmaschine mit Papier Umbeutel zu verkaufen 3x"},"content":{"rendered":"<h3>CONSTANTA Teebeutelverpackungsmaschine mit Papier Umbeutel zu verkaufen 3x<\/h3>\n<p>Die <strong>CONSTANTA<\/strong> ist eine leistungsstarke Maschine f\u00fcr die Herstellung von Teebeuteln mit Papier Umbeutel. Die Maschine befindet sich in <strong>sehr gutem Betriebszustand<\/strong> und eignet sich ideal f\u00fcr die Produktion von Teebeuteln in hohen St\u00fcckzahlen.<\/p>\n<h3>Wichtige Spezifikationen:<\/h3>\n<ul>\n<li><strong>Baujahr \/ SN Nr.<\/strong>: 1956 \/1957 \/1974\n<ul>\n<li>Modifying to higher speed in: 2007 and 2013<\/li>\n<\/ul>\n<\/li>\n<li><strong>Zustand<\/strong>: Gebraucht, sehr guter Betriebszustand<\/li>\n<li><strong>Produktionsrate<\/strong>: 160-180 Beutel pro Minute<\/li>\n<li><strong>Teebeutelformat<\/strong>: 40\u00d760 mm<\/li>\n<li><strong>Filterpapierformat<\/strong>: 94 mm<\/li>\n<li><strong>Etikettformat<\/strong>: 20 x 28 mm<\/li>\n<li><strong>Au\u00dfenbeutel\/Umschlagformat<\/strong>: 66 x 77 mm<\/li>\n<li><strong>Verbindung Etikett-Schnur-Teebeutel<\/strong>: Mit Heftklammer<\/li>\n<li><strong>Verpackungsger\u00e4t\/Kartonierer<\/strong>: Integriert<\/li>\n<li><strong>Z\u00e4hler<\/strong>: Ja<\/li>\n<li><strong>Abmessungen<\/strong>: 2525 x 1900 x 2365(H) mm<\/li>\n<li><strong>Gewicht<\/strong>: 2.100 kg (ohne Karton)<\/li>\n<li><strong>Stromversorgung<\/strong>: 50\/60Hz, 220V<\/li>\n<\/ul>\n<p>Die Maschine befindet sich in <strong>hervorragendem Betriebszustand<\/strong> und bietet hohe Ausgabemengen, was sie ideal f\u00fcr Teebeutellinien macht, die eine zuverl\u00e4ssige, schnelle und effiziente L\u00f6sung suchen.<\/p>\n","protected":false},"excerpt":{"rendered":"<p>Die <strong>CONSTANTA<\/strong> ist eine leistungsstarke Maschine f\u00fcr die Herstellung von Teebeuteln mit Papier Umbeutel. Die Maschine befindet sich in <strong>sehr gutem Betriebszustand<\/strong> und eignet sich ideal f\u00fcr die Produktion von Teebeuteln in hohen St\u00fcckzahlen.<\/p>\n<p><a href=\"https:\/\/youtube.com\/shorts\/F2LM9V0Wn2Y?feature=share\">VIDEO<\/a><\/p>\n<p>&nbsp;<\/p>\n","protected":false},"featured_media":28950,"comment_status":"closed","ping_status":"closed","template":"","meta":[],"product_brand":[],"product_cat":[343,226],"product_tag":[460,397,461],"class_list":{"0":"post-28761","1":"product","2":"type-product","3":"status-publish","4":"has-post-thumbnail","6":"product_cat-einkammerbeutel","7":"product_cat-verpackung","8":"product_tag-ima-de","9":"product_tag-kbm-35-kaffebeutel-coffee-bag","10":"product_tag-teabag-machine-de","12":"first","13":"outofstock","14":"shipping-taxable","15":"product-type-simple"},"_links":{"self":[{"href":"https:\/\/dev.benexx.de\/de\/wp-json\/wp\/v2\/product\/28761","targetHints":{"allow":["GET"]}}],"collection":[{"href":"https:\/\/dev.benexx.de\/de\/wp-json\/wp\/v2\/product"}],"about":[{"href":"https:\/\/dev.benexx.de\/de\/wp-json\/wp\/v2\/types\/product"}],"replies":[{"embeddable":true,"href":"https:\/\/dev.benexx.de\/de\/wp-json\/wp\/v2\/comments?post=28761"}],"wp:featuredmedia":[{"embeddable":true,"href":"https:\/\/dev.benexx.de\/de\/wp-json\/wp\/v2\/media\/28950"}],"wp:attachment":[{"href":"https:\/\/dev.benexx.de\/de\/wp-json\/wp\/v2\/media?parent=28761"}],"wp:term":[{"taxonomy":"product_brand","embeddable":true,"href":"https:\/\/dev.benexx.de\/de\/wp-json\/wp\/v2\/product_brand?post=28761"},{"taxonomy":"product_cat","embeddable":true,"href":"https:\/\/dev.benexx.de\/de\/wp-json\/wp\/v2\/product_cat?post=28761"},{"taxonomy":"product_tag","embeddable":true,"href":"https:\/\/dev.benexx.de\/de\/wp-json\/wp\/v2\/product_tag?post=28761"}],"curies":[{"name":"wp","href":"https:\/\/api.w.org\/{rel}","templated":true}]}}