{"id":29208,"date":"2025-05-22T12:00:03","date_gmt":"2025-05-22T09:00:03","guid":{"rendered":"https:\/\/www.benexx.de\/shop\/com-t-100-used-table-banding-machine-for-narrow-bands"},"modified":"2025-05-22T12:03:04","modified_gmt":"2025-05-22T09:03:04","slug":"com-t-100-used-table-banding-machine-for-narrow-bands","status":"publish","type":"product","link":"https:\/\/dev.benexx.de\/de\/shop\/com-t-100-used-table-banding-machine-for-narrow-bands","title":{"rendered":"COM T-100 gebrauchte Tisch-Banderoliermaschine COM T-100 mit Untergestell f\u00fcr Gro\u00dfrollen"},"content":{"rendered":"<p style=\"font-weight: 400;\"><strong>Tisch-Banderoliermaschine COM T-100 mit Untergestell f\u00fcr Gro\u00dfrollen<\/strong><\/p>\n<p style=\"font-weight: 400;\">Arbeitsweise: Automatisch<br \/>\nVerbrauchsmaterial: Banderolierpapier, Banderolierfolie (Duplex-Folie)<br \/>\nKernaufnahme: 50 mm<br \/>\nVerschluss: Hei\u00dfsiegelung<br \/>\nBand-\/ Rollenbreite:\u00a020-45 mm<br \/>\nNetzspannung:\u00a0230V, 50Hz<br \/>\nSpannkraft:\u00a026 Takte\/ min<br \/>\nMaterial:\u00a0Papier ab 70 g\/m\u00b2, Folie ab 80\u00b5 (Duplex-Folie)<br \/>\nLeistung:\u00a026 Takte\/ min<br \/>\nArbeitsh\u00f6he:\u00a0230 mm<br \/>\nStandard-Rahmengr\u00f6\u00dfe:\u00a0180\/ 240 x 170 mm (BxH)<br \/>\nmin. Produktgr\u00f6\u00dfe:\u00a030 x 5 mm (BxH)<br \/>\nmax. Produktgr\u00f6\u00dfe:\u00a0235 x 170 mm (BxH)<br \/>\nAbmessung:\u00a0425 x 400 x 287 mm (BxHxT)<br \/>\nMaschinen-Gewicht:\u00a028 kg<\/p>\n<p><span style=\"font-weight: 400;\">Die COM Tisch-Banderoliermaschine, auch B\u00fcndelmaschine genannt, ist eine kompakte kleine Allround-Maschine. Urspr\u00fcnglich entwickelt um Drucksachen zu b\u00fcndeln, wird Sie heute u.a. auch zur Kommissionierung von Multipacks, f\u00fcr Originalit\u00e4ts-Verschl\u00fcsse oder zur besseren Produkt-Pr\u00e4sentation sowie Etikettierung eingesetzt. Nahezu jedes Produkt wird schonend mit einer Banderole versehen. Durch die verstellbaren T\u00fcrme kann die Durchlassbreite an das Produktformat angepasst werden. Die Bandspannung ist stufenlos von soft bis extrem stramm einstellbar.<\/p>\n<p><\/span><\/p>\n","protected":false},"excerpt":{"rendered":"<p>Tisch-Banderoliermaschine COM T-100 mit Untergestell f\u00fcr Gro\u00dfrollen Arbeitsweise: Automatisch Verbrauchsmaterial: Banderolierpapier, Banderolierfolie (Duplex-Folie) Kernaufnahme: 50 mm Verschluss: Hei\u00dfsiegelung Band-\/ Rollenbreite:\u00a020-45 mm Netzspannung:\u00a0230V, 50Hz Spannkraft:\u00a026 Takte\/ min Material:\u00a0Papier ab 70 g\/m\u00b2, Folie ab 80\u00b5 (Duplex-Folie) Leistung:\u00a026 Takte\/ min Arbeitsh\u00f6he:\u00a0230 mm Standard-Rahmengr\u00f6\u00dfe:\u00a0180\/ 240 x 170 mm (BxH) min. Produktgr\u00f6\u00dfe:\u00a030 x 5 mm (BxH) max. Produktgr\u00f6\u00dfe:\u00a0235 x 170 [&hellip;]<\/p>\n","protected":false},"featured_media":29206,"comment_status":"closed","ping_status":"closed","template":"","meta":[],"product_brand":[],"product_cat":[192,226],"product_tag":[],"class_list":{"0":"post-29208","1":"product","2":"type-product","3":"status-publish","4":"has-post-thumbnail","6":"product_cat-dps-de","7":"product_cat-verpackung","9":"first","10":"instock","11":"shipping-taxable","12":"product-type-simple"},"_links":{"self":[{"href":"https:\/\/dev.benexx.de\/de\/wp-json\/wp\/v2\/product\/29208","targetHints":{"allow":["GET"]}}],"collection":[{"href":"https:\/\/dev.benexx.de\/de\/wp-json\/wp\/v2\/product"}],"about":[{"href":"https:\/\/dev.benexx.de\/de\/wp-json\/wp\/v2\/types\/product"}],"replies":[{"embeddable":true,"href":"https:\/\/dev.benexx.de\/de\/wp-json\/wp\/v2\/comments?post=29208"}],"wp:featuredmedia":[{"embeddable":true,"href":"https:\/\/dev.benexx.de\/de\/wp-json\/wp\/v2\/media\/29206"}],"wp:attachment":[{"href":"https:\/\/dev.benexx.de\/de\/wp-json\/wp\/v2\/media?parent=29208"}],"wp:term":[{"taxonomy":"product_brand","embeddable":true,"href":"https:\/\/dev.benexx.de\/de\/wp-json\/wp\/v2\/product_brand?post=29208"},{"taxonomy":"product_cat","embeddable":true,"href":"https:\/\/dev.benexx.de\/de\/wp-json\/wp\/v2\/product_cat?post=29208"},{"taxonomy":"product_tag","embeddable":true,"href":"https:\/\/dev.benexx.de\/de\/wp-json\/wp\/v2\/product_tag?post=29208"}],"curies":[{"name":"wp","href":"https:\/\/api.w.org\/{rel}","templated":true}]}}