{"id":29359,"date":"2025-07-10T19:07:40","date_gmt":"2025-07-10T16:07:40","guid":{"rendered":"https:\/\/www.benexx.de\/?post_type=product&#038;p=29359"},"modified":"2025-07-10T19:18:28","modified_gmt":"2025-07-10T16:18:28","slug":"koera-af-250-gebrauchter-reibanleger","status":"publish","type":"product","link":"https:\/\/dev.benexx.de\/de\/shop\/koera-af-250-gebrauchter-reibanleger","title":{"rendered":"K\u00f6ra AF 250, gebrauchter Reibanleger"},"content":{"rendered":"<p>Reibanleger <strong>KOERA AF-250<\/strong><br \/>\n&#8211; Baujahr 2011<br \/>\n&#8211; Spendebreite 250 mm,<br \/>\n&#8211; Spendetiefe 300 mm<br \/>\n&#8211; inkl. Z\u00e4hler f\u00fcr St\u00fcckzahlvorgabe<br \/>\n&#8211; inkl. Dauerlauffunktion<br \/>\n&#8211; inkl. Saugkammer<br \/>\n&#8211; St\u00f6rmeldeanalyse<br \/>\n&#8211; Magazinschacht 600 mm<br \/>\nDer technisch innovative Reibanleger AF-300 AdvancedFeeder deckt durch seine hohe Bedienerfreund-lichkeit und seinen flexiblen Einsatz in unterschiedlichen Anwendungsbereichen ab.<br \/>\nEine hohe Leistungsf\u00e4higkeit, einfachste Handhabung zum Verarbeiten unterschiedlichster Produkte und eine Spendeleistung von bis zu 1400 Produkten\/Min. zeichnen dieses Ger\u00e4t von K\u00f6ra-Packmat aus.<br \/>\nAF-300 AdvancedFeeder &#8211; Der Allesk\u00f6nner, abgestimmt auf Ihre Anforderungen!<\/p>\n<p>Aufbau und charakteristische Merkmale:<br \/>\n\u200b<br \/>\nSpendebreite 250<br \/>\nModulares, kompaktes industrielles Maschinenkonzept<br \/>\nEinfach, \u00fcberschaubar und bedienerfreundlich<br \/>\nProduktspendung einzeln und z\u00e4hlend<br \/>\nEinfaches Abspenden der Produkte<br \/>\nZentrale Luftspalteinstellung von 0,1 bis 30 mm<br \/>\n\u00dcberwachung der Produktlaufzeit f\u00fcr Fehlblattkontrolle<br \/>\nProduktmagazin 600mm zum Beladen gut zug\u00e4nglich<br \/>\nReststapel\u00fcberwachung im Magazinschacht<br \/>\nIndividuell einstellbarer und reproduzierbarer Stapelschuh<br \/>\nStufenlos regelbare Spendegeschwindigkeit bis 150 m\/min<br \/>\nRobuste Maschinenausf\u00fchrung. Aluminium eloxiert, rostfreier Stahl<br \/>\nGer\u00e4uscharm<br \/>\nAusf\u00fchrung gem\u00e4\u00df EG-Maschinenrichtlinien, CE-konform<br \/>\nAntrieb \u00fcber DC-Motor<br \/>\n\u200b<br \/>\nMikroprozessor-Steuerung:<br \/>\n4-zeiliges LC-Display mit Parameteranwahl \u00fcber Tasten<br \/>\nBenutzerf\u00fchrung und Statusanzeige in mehrerer Sprachen<br \/>\nAutarke Etana-Mikroprozessor-Steuerung<br \/>\nSchutzart IP 40<br \/>\nAuswurfgeschwindigkeit bis 150m\/ Min regelbar<br \/>\nSt\u00f6rmeldungsanzeige \u00fcber RESET-Leuchttaster<br \/>\nZ\u00e4hlfunktion 0-99999 St\u00fcck einstellbar<\/p>\n","protected":false},"excerpt":{"rendered":"<p>Reibanleger KOERA AF-250 &#8211; Baujahr 2011 &#8211; Spendebreite 250 mm, &#8211; Spendetiefe 300 mm &#8211; inkl. Z\u00e4hler f\u00fcr St\u00fcckzahlvorgabe &#8211; inkl. Dauerlauffunktion &#8211; inkl. Saugkammer &#8211; St\u00f6rmeldeanalyse &#8211; Magazinschacht 600 mm Der technisch innovative Reibanleger AF-300 AdvancedFeeder deckt durch seine hohe Bedienerfreund-lichkeit und seinen flexiblen Einsatz in unterschiedlichen Anwendungsbereichen ab. Eine hohe Leistungsf\u00e4higkeit, einfachste Handhabung [&hellip;]<\/p>\n","protected":false},"featured_media":29335,"comment_status":"closed","ping_status":"closed","template":"","meta":[],"product_brand":[],"product_cat":[226],"product_tag":[],"class_list":{"0":"post-29359","1":"product","2":"type-product","3":"status-publish","4":"has-post-thumbnail","6":"product_cat-verpackung","8":"first","9":"instock","10":"shipping-taxable","11":"product-type-simple"},"_links":{"self":[{"href":"https:\/\/dev.benexx.de\/de\/wp-json\/wp\/v2\/product\/29359","targetHints":{"allow":["GET"]}}],"collection":[{"href":"https:\/\/dev.benexx.de\/de\/wp-json\/wp\/v2\/product"}],"about":[{"href":"https:\/\/dev.benexx.de\/de\/wp-json\/wp\/v2\/types\/product"}],"replies":[{"embeddable":true,"href":"https:\/\/dev.benexx.de\/de\/wp-json\/wp\/v2\/comments?post=29359"}],"wp:featuredmedia":[{"embeddable":true,"href":"https:\/\/dev.benexx.de\/de\/wp-json\/wp\/v2\/media\/29335"}],"wp:attachment":[{"href":"https:\/\/dev.benexx.de\/de\/wp-json\/wp\/v2\/media?parent=29359"}],"wp:term":[{"taxonomy":"product_brand","embeddable":true,"href":"https:\/\/dev.benexx.de\/de\/wp-json\/wp\/v2\/product_brand?post=29359"},{"taxonomy":"product_cat","embeddable":true,"href":"https:\/\/dev.benexx.de\/de\/wp-json\/wp\/v2\/product_cat?post=29359"},{"taxonomy":"product_tag","embeddable":true,"href":"https:\/\/dev.benexx.de\/de\/wp-json\/wp\/v2\/product_tag?post=29359"}],"curies":[{"name":"wp","href":"https:\/\/api.w.org\/{rel}","templated":true}]}}