{"id":12501,"date":"2012-09-10T09:52:55","date_gmt":"2012-09-10T06:52:55","guid":{"rendered":"http:\/\/www.slacklive.ru\/impressum-3"},"modified":"2022-12-20T12:31:04","modified_gmt":"2022-12-20T09:31:04","slug":"impressum","status":"publish","type":"page","link":"https:\/\/dev.benexx.de\/ru\/impressum","title":{"rendered":"Impressum"},"content":{"rendered":"<p><strong>Impressum:<\/strong><\/p>\n<p style=\"margin-bottom: 12pt;\">Angaben gem\u00e4\u00df \u00a7 5 TMG:<\/p>\n<p>Benoev &amp; Haar GbR<br \/>\nKreuzbergstr. 22<br \/>\n50226 Frechen<\/p>\n<p><strong>Vertreten durch:<\/strong><\/p>\n<p>Herr Eugen Benoev<br \/>\nHerr Vitali Haar<\/p>\n<p><strong>Kontakt:<br \/>\n<\/strong><strong>Telefon: +49 (0) 173 1714 111<br \/>\n<strong>Telefon: +49 (0) 173 1716 111<br \/>\nE-Mail: <a href=\"mailto:info@benexx.de\">info@benexx.de\u00a0\u00a0 <\/a><\/strong><\/strong><\/p>\n<p><strong><strong>Umsatzsteuer-ID:<\/strong><\/strong><\/p>\n<p>Umsatzsteuer-Identifikationsnummer gem\u00e4\u00df \u00a727 a Umsatzsteuergesetz:<br \/>\nDE 815047408<\/p>\n<p>Quelle: <em>erstellt mit dem <a title=\"http:\/\/www.e-recht24.de\/impressum-generator\/\" href=\"http:\/\/www.e-recht24.de\/impressum-generator\/\" target=\"_blank\" rel=\"noopener noreferrer\">Impressum-Generator Gesellschaft burgerlichen Rechts (GbR)<\/a> von eRecht24.<\/em><\/p>\n<p><span style=\"color: #000066; font-size: small;\">Alle Rechte vorbehalten bei Benoev &amp; Haar GbR in D-50226 Frechen.<\/span><\/p>\n<p>Diese Dokumente\/Internetseiten einschlie\u00dflich aller ihrer Teile sind urheberrechtlich gesch\u00fctzt. Sie d\u00fcrfen nur zum Zweck der Information kopiert und ausgedruckt werden, wenn sie den Urheberrechts- und Copyright-Hinweis enthalten. Die Firma\u00a0Benoev &amp; Haar GbR\u00a0beh\u00e4lt sich das Recht vor, diese Erlaubnis jederzeit zu widerrufen. Ohne vorherige schriftliche Genehmigung d\u00fcrfen diese Dokumente bzw. Internetseiten nicht vervielfaltigt, archiviert, auf einem anderen Server gespeichert, in Newsgruppen einbezogen, in Online-Diensten benutzt oder auf einer CD-ROM oder anderen Datentragern gespeichert werden. Sie d\u00fcrfen jedoch in einen Cache oder einen Proxy-Server zur Optimierung der Zugriffsgeschwindigkeit kopiert werden.<\/p>\n<p align=\"left\">Marken- und Produktnamen:<\/p>\n<p align=\"left\">Die auf diesen Webseiten verwendeten Marken- und Produktbezeichnungen sind Warenzeichen der jeweiligen Hersteller. Alle aufgef\u00fchrten Daten basieren auf Angaben des jeweiligen Herstellers. Keine Gewahr und Haftung bei fehlerhaften und unterbliebenen Eintragungen.<\/p>\n<p align=\"left\">Hinweise zu externen Links:<\/p>\n<p align=\"left\">Die Verfasser und Herausgeber dieser Homepage sind nicht verantwortlich f\u00fcr den Inhalt fremder Seiten, die von hier aus und den angeschlossenen Seiten verlinkt werden! F\u00fcr dessen Inhalt ist ausschlie\u00dflich der betreffende Autor selbst verantwortlich, da wir keinerlei Einflu\u00df auf die Gestaltung und die Inhalte der von hier gelinkten Seiten haben. Daher distanzieren wir uns vorsorglich und ausdr\u00fccklich von den Inhalten fremder Seiten gem\u00e4\u00df der Entscheidung des Landgerichts Hamburg (Gesch\u00e4ftsnummer: 312 O 85\/98, verk\u00fcndet am 12. Mai 1998). Diese Erklarung gilt auch fur alle Inhalte der Seiten, zu denen Banner f\u00fchren.<\/p>\n<p align=\"left\">Haftungshinweis: Trotz sorgfaltiger inhaltlicher Kontrolle \u00fcbernehmen wir keine Haftung fur Inhalte externer Links.<br \/>\nF\u00fcr den Inhalt der verlinkten Seiten sind ausschlie\u00dflich deren Betreiber verantwortlich.<br \/>\nWeiterhin m\u00f6chten wir daraufhinweisen, dass trotz intensiver Prufung und Kontrolle unserer Seiten Fehler nicht ausgeschlossen werden k\u00f6nnen. Hierfur \u00fcbernehmen wir keine Haftung.<\/p>\n<p>Liability note: Despite careful control as regards content we don&#8217;t take any<br \/>\nLiability for contents of external links .<br \/>\nThe operators are . exclusively responsible for the contents of the interlinked sides<br \/>\nFurthermore we would like on it indications that despite intensive examination and control of our sides faults cannot be excluded. We don&#8217;t assume any liability for it.<\/p>\n","protected":false},"excerpt":{"rendered":"<p>Impressum: Angaben gem\u00e4\u00df \u00a7 5 TMG: Benoev &amp; Haar GbR Kreuzbergstr. 22 50226 Frechen Vertreten durch: Herr Eugen Benoev Herr Vitali Haar Kontakt: Telefon: +49 (0) 173 1714 111 Telefon: +49 (0) 173 1716 111 E-Mail: info@benexx.de\u00a0\u00a0 Umsatzsteuer-ID: Umsatzsteuer-Identifikationsnummer gem\u00e4\u00df \u00a727 a Umsatzsteuergesetz: DE 815047408 Quelle: erstellt mit dem Impressum-Generator Gesellschaft burgerlichen Rechts (GbR) von [&hellip;]<\/p>\n","protected":false},"author":1,"featured_media":15137,"parent":0,"menu_order":0,"comment_status":"open","ping_status":"open","template":"","meta":{"footnotes":""},"class_list":["post-12501","page","type-page","status-publish","has-post-thumbnail","hentry"],"_links":{"self":[{"href":"https:\/\/dev.benexx.de\/ru\/wp-json\/wp\/v2\/pages\/12501","targetHints":{"allow":["GET"]}}],"collection":[{"href":"https:\/\/dev.benexx.de\/ru\/wp-json\/wp\/v2\/pages"}],"about":[{"href":"https:\/\/dev.benexx.de\/ru\/wp-json\/wp\/v2\/types\/page"}],"author":[{"embeddable":true,"href":"https:\/\/dev.benexx.de\/ru\/wp-json\/wp\/v2\/users\/1"}],"replies":[{"embeddable":true,"href":"https:\/\/dev.benexx.de\/ru\/wp-json\/wp\/v2\/comments?post=12501"}],"version-history":[{"count":1,"href":"https:\/\/dev.benexx.de\/ru\/wp-json\/wp\/v2\/pages\/12501\/revisions"}],"predecessor-version":[{"id":26140,"href":"https:\/\/dev.benexx.de\/ru\/wp-json\/wp\/v2\/pages\/12501\/revisions\/26140"}],"wp:featuredmedia":[{"embeddable":true,"href":"https:\/\/dev.benexx.de\/ru\/wp-json\/wp\/v2\/media\/15137"}],"wp:attachment":[{"href":"https:\/\/dev.benexx.de\/ru\/wp-json\/wp\/v2\/media?parent=12501"}],"curies":[{"name":"wp","href":"https:\/\/api.w.org\/{rel}","templated":true}]}}